{"id":815,"date":"2026-02-02T02:04:31","date_gmt":"2026-02-02T00:04:31","guid":{"rendered":"https:\/\/miniapp.fi\/aalto\/?page_id=815"},"modified":"2026-02-18T12:05:59","modified_gmt":"2026-02-18T10:05:59","slug":"sponsorointi","status":"publish","type":"page","link":"https:\/\/www.rakennuspalveluaalto.fi\/new\/index.php\/sponsorointi\/","title":{"rendered":"Sponsorointi"},"content":{"rendered":"\t\t<div data-elementor-type=\"wp-page\" data-elementor-id=\"815\" class=\"elementor elementor-815\">\n\t\t\t\t<div class=\"elementor-element elementor-element-95e19b8 e-flex e-con-boxed e-con e-parent\" data-id=\"95e19b8\" data-element_type=\"container\" data-e-type=\"container\" data-settings=\"{&quot;background_background&quot;:&quot;slideshow&quot;,&quot;background_slideshow_gallery&quot;:[{&quot;id&quot;:593,&quot;url&quot;:&quot;https:\\\/\\\/www.rakennuspalveluaalto.fi\\\/new\\\/wp-content\\\/uploads\\\/2026\\\/02\\\/yt3.jpg&quot;},{&quot;id&quot;:49,&quot;url&quot;:&quot;https:\\\/\\\/www.rakennuspalveluaalto.fi\\\/new\\\/wp-content\\\/uploads\\\/2025\\\/11\\\/20240628_115244-scaled.jpg&quot;},{&quot;id&quot;:32,&quot;url&quot;:&quot;https:\\\/\\\/www.rakennuspalveluaalto.fi\\\/new\\\/wp-content\\\/uploads\\\/2025\\\/11\\\/i9.jpg&quot;},{&quot;id&quot;:42,&quot;url&quot;:&quot;https:\\\/\\\/www.rakennuspalveluaalto.fi\\\/new\\\/wp-content\\\/uploads\\\/2025\\\/11\\\/i7.jpg&quot;},{&quot;id&quot;:45,&quot;url&quot;:&quot;https:\\\/\\\/www.rakennuspalveluaalto.fi\\\/new\\\/wp-content\\\/uploads\\\/2025\\\/11\\\/i1.jpg&quot;},{&quot;id&quot;:48,&quot;url&quot;:&quot;https:\\\/\\\/www.rakennuspalveluaalto.fi\\\/new\\\/wp-content\\\/uploads\\\/2025\\\/11\\\/HOPEAHARJU-20250318-16.jpg&quot;},{&quot;id&quot;:50,&quot;url&quot;:&quot;https:\\\/\\\/www.rakennuspalveluaalto.fi\\\/new\\\/wp-content\\\/uploads\\\/2025\\\/11\\\/20240628_123538-scaled.jpg&quot;},{&quot;id&quot;:53,&quot;url&quot;:&quot;https:\\\/\\\/www.rakennuspalveluaalto.fi\\\/new\\\/wp-content\\\/uploads\\\/2025\\\/11\\\/487858863_1188179766435473_8472222159692652560_n.jpg&quot;},{&quot;id&quot;:54,&quot;url&quot;:&quot;https:\\\/\\\/www.rakennuspalveluaalto.fi\\\/new\\\/wp-content\\\/uploads\\\/2025\\\/11\\\/493676453_1208052784448171_7632018687897381438_n.jpg&quot;},{&quot;id&quot;:669,&quot;url&quot;:&quot;https:\\\/\\\/www.rakennuspalveluaalto.fi\\\/new\\\/wp-content\\\/uploads\\\/2026\\\/02\\\/jokit1.jpg&quot;},{&quot;id&quot;:594,&quot;url&quot;:&quot;https:\\\/\\\/www.rakennuspalveluaalto.fi\\\/new\\\/wp-content\\\/uploads\\\/2026\\\/02\\\/yt2.jpg&quot;}],&quot;background_slideshow_slide_duration&quot;:8000,&quot;background_slideshow_transition_duration&quot;:1000,&quot;background_slideshow_lazyload&quot;:&quot;yes&quot;,&quot;background_slideshow_ken_burns&quot;:&quot;yes&quot;,&quot;background_slideshow_loop&quot;:&quot;yes&quot;,&quot;background_slideshow_slide_transition&quot;:&quot;fade&quot;,&quot;background_slideshow_ken_burns_zoom_direction&quot;:&quot;in&quot;}\">\n\t\t\t\t\t<div class=\"e-con-inner\">\n\t\t\t\t<div class=\"elementor-element elementor-element-40ac2d4 elementor-widget elementor-widget-elementskit-heading\" data-id=\"40ac2d4\" data-element_type=\"widget\" data-e-type=\"widget\" data-widget_type=\"elementskit-heading.default\">\n\t\t\t\t\t<div class=\"ekit-wid-con\" ><div class=\"ekit-heading elementskit-section-title-wraper text_left   ekit_heading_tablet-   ekit_heading_mobile-\"><h3 class=\"elementskit-section-subtitle  elementskit-style-border\">\n\t\t\t\t\t\tLUOTETTAVA RAKENTAMISEN AMMATTILAINEN SATAKUNNASSA\n\t\t\t\t\t<\/h3><h2 class=\"ekit-heading--title elementskit-section-title \">Rakennuspalvelu Aalto Oy<\/h2>\t\t\t\t<div class='ekit-heading__description'>\n\t\t\t\t\t<p>Tarjoamme <strong>monipuoliset rakennusalan palvelut<\/strong> \u2013 uudisrakennuksista ja laajennuksista aina korjausrakentamiseen sek\u00e4 vaativiin saneerauksiin Satakunnan alueella.<\/p>\n\t\t\t\t<\/div>\n\t\t\t<\/div><\/div>\t\t\t\t<\/div>\n\t\t\t\t<div class=\"elementor-element elementor-element-73498d7 elementor-align-left elementor-widget__width-auto elementor-widget elementor-widget-elementskit-button\" data-id=\"73498d7\" data-element_type=\"widget\" data-e-type=\"widget\" data-widget_type=\"elementskit-button.default\">\n\t\t\t\t\t<div class=\"ekit-wid-con\" >\t\t<div class=\"ekit-btn-wraper\">\n\t\t\t\t\t\t\t<a href=\"https:\/\/www.rakennuspalveluaalto.fi\/new\/index.php\/yhteystiedot\/\" class=\"elementskit-btn  whitespace--normal\" id=\"\">\n\t\t\t\t\tOta yhteytt\u00e4\t\t\t\t<\/a>\n\t\t\t\t\t<\/div>\n        <\/div>\t\t\t\t<\/div>\n\t\t\t\t\t<\/div>\n\t\t\t\t<\/div>\n\t\t<div class=\"elementor-element elementor-element-9d2e55b e-flex e-con-boxed e-con e-parent\" data-id=\"9d2e55b\" data-element_type=\"container\" data-e-type=\"container\">\n\t\t\t\t\t<div class=\"e-con-inner\">\n\t\t\t\t<div class=\"elementor-element elementor-element-807753e elementor-widget elementor-widget-spacer\" data-id=\"807753e\" data-element_type=\"widget\" data-e-type=\"widget\" data-widget_type=\"spacer.default\">\n\t\t\t\t\t\t\t<div class=\"elementor-spacer\">\n\t\t\t<div class=\"elementor-spacer-inner\"><\/div>\n\t\t<\/div>\n\t\t\t\t\t\t<\/div>\n\t\t\t\t<div class=\"elementor-element elementor-element-91da409 elementor-widget elementor-widget-text-editor\" data-id=\"91da409\" data-element_type=\"widget\" data-e-type=\"widget\" data-widget_type=\"text-editor.default\">\n\t\t\t\t\t\t\t\t\t<h1 style=\"text-align: center; font-family: 'Roboto Condensed', sans-serif;\">Yhdess\u00e4 paikallisen <strong>urheilun ja yhteis\u00f6n tukena<\/strong><\/h1>\n<p style=\"margin-top: -22px; font-size: 20px; text-align: center;\">Meille paikallisuus, yhdess\u00e4 tekeminen ja pitk\u00e4j\u00e4nteinen ty\u00f6 hyvinvoinnin eteen ovat t\u00e4rkeit\u00e4 arvoja. Siksi olemme ylpeit\u00e4 voidessamme olla mukana tukemassa alueemme urheiluseuroja ja yhdistyksi\u00e4 \u2013 niin huippu-urheilua, harrasteliikuntaa kuin nuorten ja lasten toimintaa.<\/p>\n<p style=\"text-align: center;\">Sponsorointimme kohdistuu monipuolisesti eri lajeihin ja toimijoihin. Yhteisty\u00f6n kautta haluamme olla mukana mahdollistamassa harjoittelua, kilpailuja, tapahtumia ja yhteis\u00f6llist\u00e4 toimintaa, joka tuo ihmiset yhteen ja luo iloa, el\u00e4myksi\u00e4 ja terveit\u00e4 el\u00e4m\u00e4ntapoja.<\/p>\n<p style=\"text-align: center;\">Tukemamme seurat ja yhdistykset edustavat vahvaa tekemisen meininki\u00e4, sitoutuneita vapaaehtoisia sek\u00e4 intohimoa omaan lajiin. Yhteinen nimitt\u00e4j\u00e4 kaikille on halu kehitt\u00e4\u00e4 toimintaa ja tarjota turvallinen, innostava ymp\u00e4rist\u00f6 eri-ik\u00e4isille harrastajille.<\/p>\n<p style=\"text-align: center;\">Uskomme, ett\u00e4 vastuullinen yritystoiminta n\u00e4kyy my\u00f6s siin\u00e4, miten tuemme ymp\u00e4r\u00f6iv\u00e4\u00e4 yhteis\u00f6\u00e4. Sponsorointi on meille ennen kaikkea kumppanuutta \u2013 yhdess\u00e4 kasvamista ja toistemme tukemista.<\/p>\t\t\t\t\t\t\t\t<\/div>\n\t\t\t\t<div class=\"elementor-element elementor-element-3f7fe25 elementor-widget elementor-widget-spacer\" data-id=\"3f7fe25\" data-element_type=\"widget\" data-e-type=\"widget\" data-widget_type=\"spacer.default\">\n\t\t\t\t\t\t\t<div class=\"elementor-spacer\">\n\t\t\t<div class=\"elementor-spacer-inner\"><\/div>\n\t\t<\/div>\n\t\t\t\t\t\t<\/div>\n\t\t\t\t<div class=\"elementor-element elementor-element-4052938 elementor-widget elementor-widget-text-editor\" data-id=\"4052938\" data-element_type=\"widget\" data-e-type=\"widget\" data-widget_type=\"text-editor.default\">\n\t\t\t\t\t\t\t\t\t<h1 style=\"text-align: center; font-family: 'Roboto Condensed', sans-serif;\"><strong>Sponsoroimme <\/strong>2026<\/h1>\t\t\t\t\t\t\t\t<\/div>\n\t\t\t\t<div class=\"elementor-element elementor-element-f96b8b2 elementor-widget elementor-widget-text-editor\" data-id=\"f96b8b2\" data-element_type=\"widget\" data-e-type=\"widget\" data-widget_type=\"text-editor.default\">\n\t\t\t\t\t\t\t\t\t<p style=\"text-align: center;\">HC \u00c4ss\u00e4t Pori Oy<br \/>Heinonen Drift Team ry<br \/>Kononen Racing ry<br \/>Porin \u00c4ss\u00e4t ry<br \/>Karhu-Futis ry<br \/>FBT Karhut United ry<br \/>Lehtisalo Racing ry<br \/>Noormarkun-Finpyyn Kyl\u00e4yhdistys ry<br \/>Porin Kiekko Weljet ry<br \/>Pihlavan Ty\u00f6v\u00e4en Urheilijat ry<br \/>Puntti-Karhut ry<br \/>Satabandy ry<br \/>Noormarkun Koitto ry<\/p>\t\t\t\t\t\t\t\t<\/div>\n\t\t\t\t\t<\/div>\n\t\t\t\t<\/div>\n\t\t<div class=\"elementor-element elementor-element-aa4bb04 e-flex e-con-boxed e-con e-parent\" data-id=\"aa4bb04\" data-element_type=\"container\" data-e-type=\"container\">\n\t\t\t\t\t<div class=\"e-con-inner\">\n\t\t\t\t<div class=\"elementor-element elementor-element-db90bb1 elementor-widget elementor-widget-image-gallery\" data-id=\"db90bb1\" data-element_type=\"widget\" data-e-type=\"widget\" data-widget_type=\"image-gallery.default\">\n\t\t\t\t\t\t\t<div class=\"elementor-image-gallery\">\n\t\t\t<div id='gallery-1' class='gallery galleryid-815 gallery-columns-3 gallery-size-medium_large'><figure class='gallery-item'>\n\t\t\t<div class='gallery-icon landscape'>\n\t\t\t\t<img fetchpriority=\"high\" decoding=\"async\" width=\"768\" height=\"513\" src=\"https:\/\/www.rakennuspalveluaalto.fi\/new\/wp-content\/uploads\/2026\/02\/WhatsApp-Image-2026-02-05-at-17.42.39-768x513.jpeg\" class=\"attachment-medium_large size-medium_large\" alt=\"\" srcset=\"https:\/\/www.rakennuspalveluaalto.fi\/new\/wp-content\/uploads\/2026\/02\/WhatsApp-Image-2026-02-05-at-17.42.39-768x513.jpeg 768w, https:\/\/www.rakennuspalveluaalto.fi\/new\/wp-content\/uploads\/2026\/02\/WhatsApp-Image-2026-02-05-at-17.42.39-300x200.jpeg 300w, https:\/\/www.rakennuspalveluaalto.fi\/new\/wp-content\/uploads\/2026\/02\/WhatsApp-Image-2026-02-05-at-17.42.39-1024x684.jpeg 1024w, https:\/\/www.rakennuspalveluaalto.fi\/new\/wp-content\/uploads\/2026\/02\/WhatsApp-Image-2026-02-05-at-17.42.39-1536x1025.jpeg 1536w, https:\/\/www.rakennuspalveluaalto.fi\/new\/wp-content\/uploads\/2026\/02\/WhatsApp-Image-2026-02-05-at-17.42.39.jpeg 2048w\" sizes=\"(max-width: 768px) 100vw, 768px\" \/>\n\t\t\t<\/div><\/figure><figure class='gallery-item'>\n\t\t\t<div class='gallery-icon landscape'>\n\t\t\t\t<img decoding=\"async\" width=\"768\" height=\"431\" src=\"https:\/\/www.rakennuspalveluaalto.fi\/new\/wp-content\/uploads\/2026\/02\/karhut_n-768x431.jpg\" class=\"attachment-medium_large size-medium_large\" alt=\"\" srcset=\"https:\/\/www.rakennuspalveluaalto.fi\/new\/wp-content\/uploads\/2026\/02\/karhut_n-768x431.jpg 768w, https:\/\/www.rakennuspalveluaalto.fi\/new\/wp-content\/uploads\/2026\/02\/karhut_n-300x168.jpg 300w, https:\/\/www.rakennuspalveluaalto.fi\/new\/wp-content\/uploads\/2026\/02\/karhut_n.jpg 960w\" sizes=\"(max-width: 768px) 100vw, 768px\" \/>\n\t\t\t<\/div><\/figure><figure class='gallery-item'>\n\t\t\t<div class='gallery-icon landscape'>\n\t\t\t\t<img decoding=\"async\" width=\"768\" height=\"432\" src=\"https:\/\/www.rakennuspalveluaalto.fi\/new\/wp-content\/uploads\/2026\/02\/ASSAT_16x9_1920x1080px_Patalogo-768x432-1.jpg\" class=\"attachment-medium_large size-medium_large\" alt=\"\" srcset=\"https:\/\/www.rakennuspalveluaalto.fi\/new\/wp-content\/uploads\/2026\/02\/ASSAT_16x9_1920x1080px_Patalogo-768x432-1.jpg 768w, https:\/\/www.rakennuspalveluaalto.fi\/new\/wp-content\/uploads\/2026\/02\/ASSAT_16x9_1920x1080px_Patalogo-768x432-1-300x169.jpg 300w\" sizes=\"(max-width: 768px) 100vw, 768px\" \/>\n\t\t\t<\/div><\/figure><figure class='gallery-item'>\n\t\t\t<div class='gallery-icon landscape'>\n\t\t\t\t<img loading=\"lazy\" decoding=\"async\" width=\"768\" height=\"376\" src=\"https:\/\/www.rakennuspalveluaalto.fi\/new\/wp-content\/uploads\/2026\/02\/Pesakarhut_B-akatemia2025-768x376.jpg\" class=\"attachment-medium_large size-medium_large\" alt=\"\" srcset=\"https:\/\/www.rakennuspalveluaalto.fi\/new\/wp-content\/uploads\/2026\/02\/Pesakarhut_B-akatemia2025-768x376.jpg 768w, https:\/\/www.rakennuspalveluaalto.fi\/new\/wp-content\/uploads\/2026\/02\/Pesakarhut_B-akatemia2025-300x147.jpg 300w, https:\/\/www.rakennuspalveluaalto.fi\/new\/wp-content\/uploads\/2026\/02\/Pesakarhut_B-akatemia2025-1024x502.jpg 1024w, https:\/\/www.rakennuspalveluaalto.fi\/new\/wp-content\/uploads\/2026\/02\/Pesakarhut_B-akatemia2025.jpg 1379w\" sizes=\"(max-width: 768px) 100vw, 768px\" \/>\n\t\t\t<\/div><\/figure><figure class='gallery-item'>\n\t\t\t<div class='gallery-icon landscape'>\n\t\t\t\t<img loading=\"lazy\" decoding=\"async\" width=\"768\" height=\"512\" src=\"https:\/\/www.rakennuspalveluaalto.fi\/new\/wp-content\/uploads\/2026\/02\/P13-768x512.jpg\" class=\"attachment-medium_large size-medium_large\" alt=\"\" srcset=\"https:\/\/www.rakennuspalveluaalto.fi\/new\/wp-content\/uploads\/2026\/02\/P13-768x512.jpg 768w, https:\/\/www.rakennuspalveluaalto.fi\/new\/wp-content\/uploads\/2026\/02\/P13-300x200.jpg 300w, https:\/\/www.rakennuspalveluaalto.fi\/new\/wp-content\/uploads\/2026\/02\/P13-1024x683.jpg 1024w, https:\/\/www.rakennuspalveluaalto.fi\/new\/wp-content\/uploads\/2026\/02\/P13-1536x1024.jpg 1536w, https:\/\/www.rakennuspalveluaalto.fi\/new\/wp-content\/uploads\/2026\/02\/P13-2048x1365.jpg 2048w, https:\/\/www.rakennuspalveluaalto.fi\/new\/wp-content\/uploads\/2026\/02\/P13-scaled-e1770717714640.jpg 1200w\" sizes=\"(max-width: 768px) 100vw, 768px\" \/>\n\t\t\t<\/div><\/figure><figure class='gallery-item'>\n\t\t\t<div class='gallery-icon landscape'>\n\t\t\t\t<img loading=\"lazy\" decoding=\"async\" width=\"768\" height=\"194\" src=\"https:\/\/www.rakennuspalveluaalto.fi\/new\/wp-content\/uploads\/2026\/02\/Otsakekuva-768x194.png\" class=\"attachment-medium_large size-medium_large\" alt=\"\" srcset=\"https:\/\/www.rakennuspalveluaalto.fi\/new\/wp-content\/uploads\/2026\/02\/Otsakekuva-768x194.png 768w, https:\/\/www.rakennuspalveluaalto.fi\/new\/wp-content\/uploads\/2026\/02\/Otsakekuva-1024x259.png 1024w, https:\/\/www.rakennuspalveluaalto.fi\/new\/wp-content\/uploads\/2026\/02\/Otsakekuva-1536x388.png 1536w\" sizes=\"(max-width: 768px) 100vw, 768px\" \/>\n\t\t\t<\/div><\/figure><figure class='gallery-item'>\n\t\t\t<div class='gallery-icon landscape'>\n\t\t\t\t<img loading=\"lazy\" decoding=\"async\" width=\"768\" height=\"432\" src=\"https:\/\/www.rakennuspalveluaalto.fi\/new\/wp-content\/uploads\/2026\/02\/468056296_3872023843050597_2016519364082377867_n-768x432.jpg\" class=\"attachment-medium_large size-medium_large\" alt=\"\" srcset=\"https:\/\/www.rakennuspalveluaalto.fi\/new\/wp-content\/uploads\/2026\/02\/468056296_3872023843050597_2016519364082377867_n-768x432.jpg 768w, https:\/\/www.rakennuspalveluaalto.fi\/new\/wp-content\/uploads\/2026\/02\/468056296_3872023843050597_2016519364082377867_n-300x169.jpg 300w, https:\/\/www.rakennuspalveluaalto.fi\/new\/wp-content\/uploads\/2026\/02\/468056296_3872023843050597_2016519364082377867_n-1024x576.jpg 1024w, https:\/\/www.rakennuspalveluaalto.fi\/new\/wp-content\/uploads\/2026\/02\/468056296_3872023843050597_2016519364082377867_n.jpg 1280w\" sizes=\"(max-width: 768px) 100vw, 768px\" \/>\n\t\t\t<\/div><\/figure><figure class='gallery-item'>\n\t\t\t<div class='gallery-icon landscape'>\n\t\t\t\t<img loading=\"lazy\" decoding=\"async\" width=\"768\" height=\"449\" src=\"https:\/\/www.rakennuspalveluaalto.fi\/new\/wp-content\/uploads\/2026\/02\/490568214_1263912805740719_2410752768783219829_n-768x449.jpg\" class=\"attachment-medium_large size-medium_large\" alt=\"\" srcset=\"https:\/\/www.rakennuspalveluaalto.fi\/new\/wp-content\/uploads\/2026\/02\/490568214_1263912805740719_2410752768783219829_n-768x449.jpg 768w, https:\/\/www.rakennuspalveluaalto.fi\/new\/wp-content\/uploads\/2026\/02\/490568214_1263912805740719_2410752768783219829_n-300x176.jpg 300w, https:\/\/www.rakennuspalveluaalto.fi\/new\/wp-content\/uploads\/2026\/02\/490568214_1263912805740719_2410752768783219829_n-1024x599.jpg 1024w, https:\/\/www.rakennuspalveluaalto.fi\/new\/wp-content\/uploads\/2026\/02\/490568214_1263912805740719_2410752768783219829_n.jpg 1080w\" sizes=\"(max-width: 768px) 100vw, 768px\" \/>\n\t\t\t<\/div><\/figure><figure class='gallery-item'>\n\t\t\t<div class='gallery-icon portrait'>\n\t\t\t\t<img loading=\"lazy\" decoding=\"async\" width=\"768\" height=\"805\" src=\"https:\/\/www.rakennuspalveluaalto.fi\/new\/wp-content\/uploads\/2026\/02\/1000075065-768x805.png\" class=\"attachment-medium_large size-medium_large\" alt=\"\" srcset=\"https:\/\/www.rakennuspalveluaalto.fi\/new\/wp-content\/uploads\/2026\/02\/1000075065-768x805.png 768w, https:\/\/www.rakennuspalveluaalto.fi\/new\/wp-content\/uploads\/2026\/02\/1000075065-286x300.png 286w, https:\/\/www.rakennuspalveluaalto.fi\/new\/wp-content\/uploads\/2026\/02\/1000075065-977x1024.png 977w, https:\/\/www.rakennuspalveluaalto.fi\/new\/wp-content\/uploads\/2026\/02\/1000075065-1465x1536.png 1465w, https:\/\/www.rakennuspalveluaalto.fi\/new\/wp-content\/uploads\/2026\/02\/1000075065-e1770717785662.png 1200w\" sizes=\"(max-width: 768px) 100vw, 768px\" \/>\n\t\t\t<\/div><\/figure><figure class='gallery-item'>\n\t\t\t<div class='gallery-icon landscape'>\n\t\t\t\t<img loading=\"lazy\" decoding=\"async\" width=\"768\" height=\"512\" src=\"https:\/\/www.rakennuspalveluaalto.fi\/new\/wp-content\/uploads\/2026\/02\/79965095_2481505892106496_4641229032577302528_n-768x512.jpg\" class=\"attachment-medium_large size-medium_large\" alt=\"\" srcset=\"https:\/\/www.rakennuspalveluaalto.fi\/new\/wp-content\/uploads\/2026\/02\/79965095_2481505892106496_4641229032577302528_n-768x512.jpg 768w, https:\/\/www.rakennuspalveluaalto.fi\/new\/wp-content\/uploads\/2026\/02\/79965095_2481505892106496_4641229032577302528_n-300x200.jpg 300w, https:\/\/www.rakennuspalveluaalto.fi\/new\/wp-content\/uploads\/2026\/02\/79965095_2481505892106496_4641229032577302528_n-1024x683.jpg 1024w, https:\/\/www.rakennuspalveluaalto.fi\/new\/wp-content\/uploads\/2026\/02\/79965095_2481505892106496_4641229032577302528_n-1536x1024.jpg 1536w, https:\/\/www.rakennuspalveluaalto.fi\/new\/wp-content\/uploads\/2026\/02\/79965095_2481505892106496_4641229032577302528_n.jpg 2048w\" sizes=\"(max-width: 768px) 100vw, 768px\" \/>\n\t\t\t<\/div><\/figure><figure class='gallery-item'>\n\t\t\t<div class='gallery-icon landscape'>\n\t\t\t\t<img loading=\"lazy\" decoding=\"async\" width=\"768\" height=\"512\" src=\"https:\/\/www.rakennuspalveluaalto.fi\/new\/wp-content\/uploads\/2026\/02\/20260128_Assat-Kookoo_V6A9135-768x512.jpg\" class=\"attachment-medium_large size-medium_large\" alt=\"\" srcset=\"https:\/\/www.rakennuspalveluaalto.fi\/new\/wp-content\/uploads\/2026\/02\/20260128_Assat-Kookoo_V6A9135-768x512.jpg 768w, https:\/\/www.rakennuspalveluaalto.fi\/new\/wp-content\/uploads\/2026\/02\/20260128_Assat-Kookoo_V6A9135-300x200.jpg 300w, https:\/\/www.rakennuspalveluaalto.fi\/new\/wp-content\/uploads\/2026\/02\/20260128_Assat-Kookoo_V6A9135-1024x683.jpg 1024w, https:\/\/www.rakennuspalveluaalto.fi\/new\/wp-content\/uploads\/2026\/02\/20260128_Assat-Kookoo_V6A9135-1536x1024.jpg 1536w, https:\/\/www.rakennuspalveluaalto.fi\/new\/wp-content\/uploads\/2026\/02\/20260128_Assat-Kookoo_V6A9135-e1770718450287.jpg 1620w\" sizes=\"(max-width: 768px) 100vw, 768px\" \/>\n\t\t\t<\/div><\/figure><figure class='gallery-item'>\n\t\t\t<div class='gallery-icon landscape'>\n\t\t\t\t<img loading=\"lazy\" decoding=\"async\" width=\"768\" height=\"768\" src=\"https:\/\/www.rakennuspalveluaalto.fi\/new\/wp-content\/uploads\/2026\/02\/WhatsApp-Image-2026-02-05-at-17.44.33-768x768.jpeg\" class=\"attachment-medium_large size-medium_large\" alt=\"\" srcset=\"https:\/\/www.rakennuspalveluaalto.fi\/new\/wp-content\/uploads\/2026\/02\/WhatsApp-Image-2026-02-05-at-17.44.33-768x768.jpeg 768w, https:\/\/www.rakennuspalveluaalto.fi\/new\/wp-content\/uploads\/2026\/02\/WhatsApp-Image-2026-02-05-at-17.44.33-300x300.jpeg 300w, https:\/\/www.rakennuspalveluaalto.fi\/new\/wp-content\/uploads\/2026\/02\/WhatsApp-Image-2026-02-05-at-17.44.33-1024x1024.jpeg 1024w, https:\/\/www.rakennuspalveluaalto.fi\/new\/wp-content\/uploads\/2026\/02\/WhatsApp-Image-2026-02-05-at-17.44.33-150x150.jpeg 150w, https:\/\/www.rakennuspalveluaalto.fi\/new\/wp-content\/uploads\/2026\/02\/WhatsApp-Image-2026-02-05-at-17.44.33.jpeg 1440w\" sizes=\"(max-width: 768px) 100vw, 768px\" \/>\n\t\t\t<\/div><\/figure><figure class='gallery-item'>\n\t\t\t<div class='gallery-icon landscape'>\n\t\t\t\t<img loading=\"lazy\" decoding=\"async\" width=\"768\" height=\"512\" src=\"https:\/\/www.rakennuspalveluaalto.fi\/new\/wp-content\/uploads\/2026\/02\/486319555_1165970385573393_5687003429280709873_n-768x512.jpg\" class=\"attachment-medium_large size-medium_large\" alt=\"\" srcset=\"https:\/\/www.rakennuspalveluaalto.fi\/new\/wp-content\/uploads\/2026\/02\/486319555_1165970385573393_5687003429280709873_n-768x512.jpg 768w, https:\/\/www.rakennuspalveluaalto.fi\/new\/wp-content\/uploads\/2026\/02\/486319555_1165970385573393_5687003429280709873_n-300x200.jpg 300w, https:\/\/www.rakennuspalveluaalto.fi\/new\/wp-content\/uploads\/2026\/02\/486319555_1165970385573393_5687003429280709873_n-1024x683.jpg 1024w, https:\/\/www.rakennuspalveluaalto.fi\/new\/wp-content\/uploads\/2026\/02\/486319555_1165970385573393_5687003429280709873_n-1536x1024.jpg 1536w, https:\/\/www.rakennuspalveluaalto.fi\/new\/wp-content\/uploads\/2026\/02\/486319555_1165970385573393_5687003429280709873_n.jpg 2000w\" sizes=\"(max-width: 768px) 100vw, 768px\" \/>\n\t\t\t<\/div><\/figure><figure class='gallery-item'>\n\t\t\t<div class='gallery-icon landscape'>\n\t\t\t\t<img loading=\"lazy\" decoding=\"async\" width=\"713\" height=\"243\" src=\"https:\/\/www.rakennuspalveluaalto.fi\/new\/wp-content\/uploads\/2026\/02\/481132859_1161587805968292_1756749186959822058_n.jpg\" class=\"attachment-medium_large size-medium_large\" alt=\"\" srcset=\"https:\/\/www.rakennuspalveluaalto.fi\/new\/wp-content\/uploads\/2026\/02\/481132859_1161587805968292_1756749186959822058_n.jpg 713w, https:\/\/www.rakennuspalveluaalto.fi\/new\/wp-content\/uploads\/2026\/02\/481132859_1161587805968292_1756749186959822058_n-300x102.jpg 300w\" sizes=\"(max-width: 713px) 100vw, 713px\" \/>\n\t\t\t<\/div><\/figure>\n\t\t<\/div>\n\t\t<\/div>\n\t\t\t\t\t\t<\/div>\n\t\t\t\t\t<\/div>\n\t\t\t\t<\/div>\n\t\t<div class=\"elementor-element elementor-element-57a0d2f e-flex e-con-boxed e-con e-parent\" data-id=\"57a0d2f\" data-element_type=\"container\" data-e-type=\"container\">\n\t\t\t\t\t<div class=\"e-con-inner\">\n\t\t\t\t<div class=\"elementor-element elementor-element-d9e0c18 elementor-widget elementor-widget-text-editor\" data-id=\"d9e0c18\" data-element_type=\"widget\" data-e-type=\"widget\" data-widget_type=\"text-editor.default\">\n\t\t\t\t\t\t\t\t\t<h1 style=\"text-align: center; font-family: 'Roboto Condensed', sans-serif;\">Hae <strong>sponsorointia seurallesi<\/strong><\/h1>\n<p style=\"text-align: center;\" data-start=\"1262\" data-end=\"1387\">Otamme mielell\u00e4mme vastaan uusia sponsorointihakemuksia paikallisilta urheiluseuroilta, yhdistyksilt\u00e4 ja harrastetoimijoilta.<\/p>\n<p style=\"text-align: center;\" data-start=\"1389\" data-end=\"1580\">Jos olet kiinnostunut yhteisty\u00f6st\u00e4, voit l\u00e4hett\u00e4\u00e4 vapaamuotoisen sponsorointihakemuksen s\u00e4hk\u00f6postitse tai verkkosivujemme yhteydenottolomakkeen kautta. Hakemuksessa kannattaa kertoa lyhyesti:<\/p>\n<p style=\"text-align: center;\" data-start=\"1583\" data-end=\"1619\"><strong>Seuran tai yhdistyksen toiminnasta<\/strong><\/p>\n<p style=\"text-align: center;\" data-start=\"1622\" data-end=\"1670\"><strong>Kohderyhm\u00e4st\u00e4 (esim. lapset, nuoret, aikuiset)<\/strong><\/p>\n<p style=\"text-align: center;\" data-start=\"1673\" data-end=\"1721\"><strong>Mihin tukea haetaan ja miten yhteisty\u00f6 n\u00e4kyisi<\/strong><\/p>\n<p style=\"text-align: center;\" data-start=\"1723\" data-end=\"1824\">K\u00e4ymme hakemukset l\u00e4pi s\u00e4\u00e4nn\u00f6llisesti ja olemme yhteydess\u00e4 sopivien yhteisty\u00f6mahdollisuuksien osalta.<\/p>\t\t\t\t\t\t\t\t<\/div>\n\t\t\t\t\t<\/div>\n\t\t\t\t<\/div>\n\t\t\t\t<\/div>\n\t\t","protected":false},"excerpt":{"rendered":"<p>LUOTETTAVA RAKENTAMISEN AMMATTILAINEN SATAKUNNASSA Rakennuspalvelu Aalto Oy Tarjoamme monipuoliset rakennusalan palvelut \u2013 uudisrakennuksista ja laajennuksista aina korjausrakentamiseen sek\u00e4 vaativiin saneerauksiin Satakunnan alueella. Ota yhteytt\u00e4 Yhdess\u00e4 paikallisen urheilun ja yhteis\u00f6n tukena Meille paikallisuus, yhdess\u00e4 tekeminen ja pitk\u00e4j\u00e4nteinen ty\u00f6 hyvinvoinnin eteen ovat t\u00e4rkeit\u00e4 arvoja. Siksi olemme ylpeit\u00e4 voidessamme olla mukana tukemassa alueemme urheiluseuroja ja yhdistyksi\u00e4 \u2013 niin [&hellip;]<\/p>\n","protected":false},"author":1,"featured_media":0,"parent":0,"menu_order":0,"comment_status":"closed","ping_status":"closed","template":"elementor_canvas","meta":{"footnotes":""},"class_list":["post-815","page","type-page","status-publish","hentry"],"_links":{"self":[{"href":"https:\/\/www.rakennuspalveluaalto.fi\/new\/index.php\/wp-json\/wp\/v2\/pages\/815","targetHints":{"allow":["GET"]}}],"collection":[{"href":"https:\/\/www.rakennuspalveluaalto.fi\/new\/index.php\/wp-json\/wp\/v2\/pages"}],"about":[{"href":"https:\/\/www.rakennuspalveluaalto.fi\/new\/index.php\/wp-json\/wp\/v2\/types\/page"}],"author":[{"embeddable":true,"href":"https:\/\/www.rakennuspalveluaalto.fi\/new\/index.php\/wp-json\/wp\/v2\/users\/1"}],"replies":[{"embeddable":true,"href":"https:\/\/www.rakennuspalveluaalto.fi\/new\/index.php\/wp-json\/wp\/v2\/comments?post=815"}],"version-history":[{"count":0,"href":"https:\/\/www.rakennuspalveluaalto.fi\/new\/index.php\/wp-json\/wp\/v2\/pages\/815\/revisions"}],"wp:attachment":[{"href":"https:\/\/www.rakennuspalveluaalto.fi\/new\/index.php\/wp-json\/wp\/v2\/media?parent=815"}],"curies":[{"name":"wp","href":"https:\/\/api.w.org\/{rel}","templated":true}]}}