{"id":1345,"date":"2026-02-04T23:17:23","date_gmt":"2026-02-04T21:17:23","guid":{"rendered":"https:\/\/miniapp.fi\/aalto\/?page_id=1345"},"modified":"2026-04-09T14:03:17","modified_gmt":"2026-04-09T11:03:17","slug":"ajankohtaista","status":"publish","type":"page","link":"https:\/\/www.rakennuspalveluaalto.fi\/new\/index.php\/ajankohtaista\/","title":{"rendered":"Ajankohtaista"},"content":{"rendered":"\t\t<div data-elementor-type=\"wp-page\" data-elementor-id=\"1345\" class=\"elementor elementor-1345\">\n\t\t\t\t<div class=\"elementor-element elementor-element-481fb01 e-flex e-con-boxed e-con e-parent\" data-id=\"481fb01\" data-element_type=\"container\" data-e-type=\"container\">\n\t\t\t\t\t<div class=\"e-con-inner\">\n\t\t\t\t\t<\/div>\n\t\t\t\t<\/div>\n\t\t<div class=\"elementor-element elementor-element-cdde03b e-flex e-con-boxed e-con e-parent\" data-id=\"cdde03b\" data-element_type=\"container\" data-e-type=\"container\" data-settings=\"{&quot;background_background&quot;:&quot;slideshow&quot;,&quot;background_slideshow_gallery&quot;:[{&quot;id&quot;:594,&quot;url&quot;:&quot;https:\\\/\\\/www.rakennuspalveluaalto.fi\\\/new\\\/wp-content\\\/uploads\\\/2026\\\/02\\\/yt2.jpg&quot;},{&quot;id&quot;:32,&quot;url&quot;:&quot;https:\\\/\\\/www.rakennuspalveluaalto.fi\\\/new\\\/wp-content\\\/uploads\\\/2025\\\/11\\\/i9.jpg&quot;},{&quot;id&quot;:42,&quot;url&quot;:&quot;https:\\\/\\\/www.rakennuspalveluaalto.fi\\\/new\\\/wp-content\\\/uploads\\\/2025\\\/11\\\/i7.jpg&quot;},{&quot;id&quot;:45,&quot;url&quot;:&quot;https:\\\/\\\/www.rakennuspalveluaalto.fi\\\/new\\\/wp-content\\\/uploads\\\/2025\\\/11\\\/i1.jpg&quot;},{&quot;id&quot;:48,&quot;url&quot;:&quot;https:\\\/\\\/www.rakennuspalveluaalto.fi\\\/new\\\/wp-content\\\/uploads\\\/2025\\\/11\\\/HOPEAHARJU-20250318-16.jpg&quot;},{&quot;id&quot;:49,&quot;url&quot;:&quot;https:\\\/\\\/www.rakennuspalveluaalto.fi\\\/new\\\/wp-content\\\/uploads\\\/2025\\\/11\\\/20240628_115244-scaled.jpg&quot;},{&quot;id&quot;:50,&quot;url&quot;:&quot;https:\\\/\\\/www.rakennuspalveluaalto.fi\\\/new\\\/wp-content\\\/uploads\\\/2025\\\/11\\\/20240628_123538-scaled.jpg&quot;},{&quot;id&quot;:53,&quot;url&quot;:&quot;https:\\\/\\\/www.rakennuspalveluaalto.fi\\\/new\\\/wp-content\\\/uploads\\\/2025\\\/11\\\/487858863_1188179766435473_8472222159692652560_n.jpg&quot;},{&quot;id&quot;:54,&quot;url&quot;:&quot;https:\\\/\\\/www.rakennuspalveluaalto.fi\\\/new\\\/wp-content\\\/uploads\\\/2025\\\/11\\\/493676453_1208052784448171_7632018687897381438_n.jpg&quot;},{&quot;id&quot;:669,&quot;url&quot;:&quot;https:\\\/\\\/www.rakennuspalveluaalto.fi\\\/new\\\/wp-content\\\/uploads\\\/2026\\\/02\\\/jokit1.jpg&quot;}],&quot;background_slideshow_slide_duration&quot;:8000,&quot;background_slideshow_transition_duration&quot;:1000,&quot;background_slideshow_lazyload&quot;:&quot;yes&quot;,&quot;background_slideshow_ken_burns&quot;:&quot;yes&quot;,&quot;background_slideshow_loop&quot;:&quot;yes&quot;,&quot;background_slideshow_slide_transition&quot;:&quot;fade&quot;,&quot;background_slideshow_ken_burns_zoom_direction&quot;:&quot;in&quot;}\">\n\t\t\t\t\t<div class=\"e-con-inner\">\n\t\t\t\t<div class=\"elementor-element elementor-element-3fa4926 elementor-widget elementor-widget-elementskit-heading\" data-id=\"3fa4926\" data-element_type=\"widget\" data-e-type=\"widget\" data-widget_type=\"elementskit-heading.default\">\n\t\t\t\t\t<div class=\"ekit-wid-con\" ><div class=\"ekit-heading elementskit-section-title-wraper text_left   ekit_heading_tablet-   ekit_heading_mobile-\"><h3 class=\"elementskit-section-subtitle  elementskit-style-border\">\n\t\t\t\t\t\tLUOTETTAVA RAKENTAMISEN AMMATTILAINEN SATAKUNNASSA\n\t\t\t\t\t<\/h3><h2 class=\"ekit-heading--title elementskit-section-title \">Rakennuspalvelu Aalto Oy<\/h2>\t\t\t\t<div class='ekit-heading__description'>\n\t\t\t\t\t<p>Tarjoamme <strong>monipuoliset rakennusalan palvelut<\/strong> \u2013 uudisrakennuksista ja laajennuksista aina korjausrakentamiseen sek\u00e4 vaativiin saneerauksiin Satakunnan alueella.<\/p>\n\t\t\t\t<\/div>\n\t\t\t<\/div><\/div>\t\t\t\t<\/div>\n\t\t\t\t<div class=\"elementor-element elementor-element-5bc33d2 elementor-align-left elementor-widget__width-auto elementor-widget elementor-widget-elementskit-button\" data-id=\"5bc33d2\" data-element_type=\"widget\" data-e-type=\"widget\" data-widget_type=\"elementskit-button.default\">\n\t\t\t\t\t<div class=\"ekit-wid-con\" >\t\t<div class=\"ekit-btn-wraper\">\n\t\t\t\t\t\t\t<a href=\"https:\/\/www.rakennuspalveluaalto.fi\/new\/index.php\/yhteystiedot\/\" class=\"elementskit-btn  whitespace--normal\" id=\"\">\n\t\t\t\t\tOta yhteytt\u00e4\t\t\t\t<\/a>\n\t\t\t\t\t<\/div>\n        <\/div>\t\t\t\t<\/div>\n\t\t\t\t\t<\/div>\n\t\t\t\t<\/div>\n\t\t<div class=\"elementor-element elementor-element-89dd472 e-flex e-con-boxed e-con e-parent\" data-id=\"89dd472\" data-element_type=\"container\" data-e-type=\"container\">\n\t\t\t\t\t<div class=\"e-con-inner\">\n\t\t\t\t<div class=\"elementor-element elementor-element-9a616af elementor-widget elementor-widget-text-editor\" data-id=\"9a616af\" data-element_type=\"widget\" data-e-type=\"widget\" data-widget_type=\"text-editor.default\">\n\t\t\t\t\t\t\t\t\t<p style=\"text-align: center; margin-bottom: -30px;\"><strong>Viimeisimm\u00e4t julkaisut<\/strong><\/p>\n\n<h1 style=\"text-align: center; font-family: 'Roboto Condensed', sans-serif;\"><strong>Ajankohtaista <\/strong>ja tapahtumat<\/h1>\n<p style=\"text-align: center; margin-top: -22px; font-size: 19px;\">Ajankohtaiset uutiset, ty\u00f6maakuulumiset ja tapahtumat l\u00f6ytyv\u00e4t t\u00e4lt\u00e4 sivulta. Facebook-p\u00e4ivitykset n\u00e4kyv\u00e4t automaattisesti, ja lis\u00e4ksi julkaisemme tarvittaessa erillisi\u00e4 uutisia suoraan verkkosivuilla.<\/p>\t\t\t\t\t\t\t\t<\/div>\n\t\t\t\t\t<\/div>\n\t\t\t\t<\/div>\n\t\t<div class=\"elementor-element elementor-element-41f3f31 e-flex e-con-boxed e-con e-parent\" data-id=\"41f3f31\" data-element_type=\"container\" data-e-type=\"container\">\n\t\t\t\t\t<div class=\"e-con-inner\">\n\t\t<div class=\"elementor-element elementor-element-6267084 e-con-full e-flex e-con e-child\" data-id=\"6267084\" data-element_type=\"container\" data-e-type=\"container\">\n\t\t\t\t<div class=\"elementor-element elementor-element-81ba370 elementor-widget elementor-widget-html\" data-id=\"81ba370\" data-element_type=\"widget\" data-e-type=\"widget\" data-widget_type=\"html.default\">\n\t\t\t\t\t<iframe style=\"border: none; overflow: hidden;\" src=\"https:\/\/www.facebook.com\/plugins\/post.php?href=https%3A%2F%2Fwww.facebook.com%2FrakennuspalveluAalto%2Fposts%2Fpfbid02S3DsGbmZJZq3sBDV2qp46kvZUnmJX7sjfYYwytv3XsuL3Gsx9s92XiChe9hntCD4l&amp;show_text=true&amp;width=500\" width=\"500\" height=\"569\" frameborder=\"0\" scrolling=\"no\" allowfullscreen=\"allowfullscreen\"><span data-mce-type=\"bookmark\" style=\"display: inline-block; width: 0px; overflow: hidden; line-height: 0;\" class=\"mce_SELRES_start\">\ufeff<\/span><span data-mce-type=\"bookmark\" style=\"display: inline-block; width: 0px; overflow: hidden; line-height: 0;\" class=\"mce_SELRES_start\">\ufeff<\/span><span data-mce-type=\"bookmark\" style=\"display: inline-block; width: 0px; overflow: hidden; line-height: 0;\" class=\"mce_SELRES_start\">\ufeff<\/span><\/iframe>\t\t\t\t<\/div>\n\t\t\t\t<\/div>\n\t\t<div class=\"elementor-element elementor-element-1c48758 e-con-full e-flex e-con e-child\" data-id=\"1c48758\" data-element_type=\"container\" data-e-type=\"container\">\n\t\t\t\t<div class=\"elementor-element elementor-element-669a257 elementor-widget elementor-widget-html\" data-id=\"669a257\" data-element_type=\"widget\" data-e-type=\"widget\" data-widget_type=\"html.default\">\n\t\t\t\t\t<iframe style=\"border: none; overflow: hidden;\" src=\"https:\/\/www.facebook.com\/plugins\/post.php?href=https%3A%2F%2Fwww.facebook.com%2FrakennuspalveluAalto%2Fposts%2Fpfbid0353dxuqL5UtYFM43Vs3QF2yFG1XQzZKp31CkNBRAq4KqtM3PNFfuv3mY9WJmwqorXl&amp;show_text=true&amp;width=500\" width=\"500\" height=\"665\" frameborder=\"0\" scrolling=\"no\" allowfullscreen=\"allowfullscreen\"><span data-mce-type=\"bookmark\" style=\"display: inline-block; width: 0px; overflow: hidden; line-height: 0;\" class=\"mce_SELRES_start\">\ufeff<\/span><\/iframe>\t\t\t\t<\/div>\n\t\t\t\t<\/div>\n\t\t\t\t\t<\/div>\n\t\t\t\t<\/div>\n\t\t\t\t<section class=\"elementor-section elementor-top-section elementor-element elementor-element-134cc63 elementor-hidden-desktop elementor-hidden-tablet elementor-hidden-mobile elementor-section-boxed elementor-section-height-default elementor-section-height-default\" data-id=\"134cc63\" data-element_type=\"section\" data-e-type=\"section\">\n\t\t\t\t\t\t<div class=\"elementor-container elementor-column-gap-default\">\n\t\t\t\t\t<div class=\"elementor-column elementor-col-100 elementor-top-column elementor-element elementor-element-223ee9d\" data-id=\"223ee9d\" data-element_type=\"column\" data-e-type=\"column\">\n\t\t\t<div class=\"elementor-widget-wrap elementor-element-populated\">\n\t\t\t\t\t\t<section class=\"elementor-section elementor-inner-section elementor-element elementor-element-eabffac elementor-section-content-middle elementor-reverse-tablet elementor-reverse-mobile elementor-section-boxed elementor-section-height-default elementor-section-height-default\" data-id=\"eabffac\" data-element_type=\"section\" data-e-type=\"section\">\n\t\t\t\t\t\t<div class=\"elementor-container elementor-column-gap-no\">\n\t\t\t\t\t<div class=\"elementor-column elementor-col-33 elementor-inner-column elementor-element elementor-element-681d3d3\" data-id=\"681d3d3\" data-element_type=\"column\" data-e-type=\"column\" data-settings=\"{&quot;background_background&quot;:&quot;classic&quot;}\">\n\t\t\t<div class=\"elementor-widget-wrap elementor-element-populated\">\n\t\t\t\t\t\t<div class=\"elementor-element elementor-element-f241f71 elementor-widget__width-inherit elementor-widget elementor-widget-elementskit-heading\" data-id=\"f241f71\" data-element_type=\"widget\" data-e-type=\"widget\" data-widget_type=\"elementskit-heading.default\">\n\t\t\t\t\t<div class=\"ekit-wid-con\" ><div class=\"ekit-heading elementskit-section-title-wraper text_left   ekit_heading_tablet-   ekit_heading_mobile-text_left\"><h3 class=\"elementskit-section-subtitle  \">\n\t\t\t\t\t\tTyylik\u00e4s Porin Suulotinhelmi\n\t\t\t\t\t<\/h3><h2 class=\"ekit-heading--title elementskit-section-title \">Ennakkomarkkinointi<\/h2><div class=\"ekit_heading_separetor_wraper ekit_heading_elementskit-border-divider ekit-dotted\"><div class=\"elementskit-border-divider ekit-dotted\"><\/div><\/div>\t\t\t\t<div class='ekit-heading__description'>\n\t\t\t\t\t<p>Uudiskohde 2026<\/p>\n\t\t\t\t<\/div>\n\t\t\t<\/div><\/div>\t\t\t\t<\/div>\n\t\t\t\t<div class=\"elementor-element elementor-element-7875c05 elementor-widget elementor-widget-text-editor\" data-id=\"7875c05\" data-element_type=\"widget\" data-e-type=\"widget\" data-widget_type=\"text-editor.default\">\n\t\t\t\t\t\t\t\t\t<ul style=\"text-align: left;\"><li>2\u20134h + k + s \u2013 useita pohjaratkaisuja<\/li><li>Vesikiertoinen lattial\u00e4mmitys<\/li><li>Vesi-ilmal\u00e4mp\u00f6pumppu<\/li><li>Oma sauna jokaisessa asunnossa<\/li><li>Kysytty asuinalue Porissa<\/li><li>Autokatos ja varasto sis\u00e4ltyv\u00e4t<\/li><\/ul>\t\t\t\t\t\t\t\t<\/div>\n\t\t\t\t<div class=\"elementor-element elementor-element-9c6a59f elementor-widget__width-auto elementor-align-center elementor-widget elementor-widget-elementskit-button\" data-id=\"9c6a59f\" data-element_type=\"widget\" data-e-type=\"widget\" data-widget_type=\"elementskit-button.default\">\n\t\t\t\t\t<div class=\"ekit-wid-con\" >\t\t<div class=\"ekit-btn-wraper\">\n\t\t\t\t\t\t\t<a href=\"https:\/\/asunnot.oikotie.fi\/myytavat-asunnot\/pori\/22897750\" class=\"elementskit-btn  whitespace--normal\" id=\"\">\n\t\t\t\t\tLue lis\u00e4\u00e4 ja varaa tutustuminen\t\t\t\t<\/a>\n\t\t\t\t\t<\/div>\n        <\/div>\t\t\t\t<\/div>\n\t\t\t\t\t<\/div>\n\t\t<\/div>\n\t\t\t\t<div class=\"elementor-column elementor-col-66 elementor-inner-column elementor-element elementor-element-bf482e5\" data-id=\"bf482e5\" data-element_type=\"column\" data-e-type=\"column\">\n\t\t\t<div class=\"elementor-widget-wrap elementor-element-populated\">\n\t\t\t\t\t\t<div class=\"elementor-element elementor-element-1ca60a0 elementor-arrows-position-inside elementor-widget elementor-widget-image-carousel\" data-id=\"1ca60a0\" data-element_type=\"widget\" data-e-type=\"widget\" data-settings=\"{&quot;slides_to_show&quot;:&quot;1&quot;,&quot;navigation&quot;:&quot;arrows&quot;,&quot;autoplay_speed&quot;:3000,&quot;autoplay&quot;:&quot;yes&quot;,&quot;infinite&quot;:&quot;yes&quot;,&quot;effect&quot;:&quot;slide&quot;,&quot;speed&quot;:500}\" data-widget_type=\"image-carousel.default\">\n\t\t\t\t\t\t\t<div class=\"elementor-image-carousel-wrapper swiper\" role=\"region\" aria-roledescription=\"carousel\" aria-label=\"Kuvakaruselli\" dir=\"ltr\">\n\t\t\t<div class=\"elementor-image-carousel swiper-wrapper\" aria-live=\"off\">\n\t\t\t\t\t\t\t\t<div class=\"swiper-slide\" role=\"group\" aria-roledescription=\"slide\" aria-label=\"1 of 4\"><figure class=\"swiper-slide-inner\"><img decoding=\"async\" class=\"swiper-slide-image\" src=\"https:\/\/www.rakennuspalveluaalto.fi\/new\/wp-content\/uploads\/2026\/02\/su2-1024x576.jpg\" alt=\"su2\" \/><\/figure><\/div><div class=\"swiper-slide\" role=\"group\" aria-roledescription=\"slide\" aria-label=\"2 of 4\"><figure class=\"swiper-slide-inner\"><img decoding=\"async\" class=\"swiper-slide-image\" src=\"https:\/\/www.rakennuspalveluaalto.fi\/new\/wp-content\/uploads\/2026\/02\/su1-1024x576.jpg\" alt=\"su1\" \/><\/figure><\/div><div class=\"swiper-slide\" role=\"group\" aria-roledescription=\"slide\" aria-label=\"3 of 4\"><figure class=\"swiper-slide-inner\"><img decoding=\"async\" class=\"swiper-slide-image\" src=\"https:\/\/www.rakennuspalveluaalto.fi\/new\/wp-content\/uploads\/2026\/02\/su4-1024x576.jpg\" alt=\"su4\" \/><\/figure><\/div><div class=\"swiper-slide\" role=\"group\" aria-roledescription=\"slide\" aria-label=\"4 of 4\"><figure class=\"swiper-slide-inner\"><img decoding=\"async\" class=\"swiper-slide-image\" src=\"https:\/\/www.rakennuspalveluaalto.fi\/new\/wp-content\/uploads\/2026\/02\/su3-1024x576.jpg\" alt=\"su3\" \/><\/figure><\/div>\t\t\t<\/div>\n\t\t\t\t\t\t\t\t\t\t\t\t<div class=\"elementor-swiper-button elementor-swiper-button-prev\" role=\"button\" tabindex=\"0\">\n\t\t\t\t\t\t<svg aria-hidden=\"true\" class=\"e-font-icon-svg e-eicon-chevron-left\" viewBox=\"0 0 1000 1000\" xmlns=\"http:\/\/www.w3.org\/2000\/svg\"><path d=\"M646 125C629 125 613 133 604 142L308 442C296 454 292 471 292 487 292 504 296 521 308 533L604 854C617 867 629 875 646 875 663 875 679 871 692 858 704 846 713 829 713 812 713 796 708 779 692 767L438 487 692 225C700 217 708 204 708 187 708 171 704 154 692 142 675 129 663 125 646 125Z\"><\/path><\/svg>\t\t\t\t\t<\/div>\n\t\t\t\t\t<div class=\"elementor-swiper-button elementor-swiper-button-next\" role=\"button\" tabindex=\"0\">\n\t\t\t\t\t\t<svg aria-hidden=\"true\" class=\"e-font-icon-svg e-eicon-chevron-right\" viewBox=\"0 0 1000 1000\" xmlns=\"http:\/\/www.w3.org\/2000\/svg\"><path d=\"M696 533C708 521 713 504 713 487 713 471 708 454 696 446L400 146C388 133 375 125 354 125 338 125 325 129 313 142 300 154 292 171 292 187 292 204 296 221 308 233L563 492 304 771C292 783 288 800 288 817 288 833 296 850 308 863 321 871 338 875 354 875 371 875 388 867 400 854L696 533Z\"><\/path><\/svg>\t\t\t\t\t<\/div>\n\t\t\t\t\n\t\t\t\t\t\t\t\t\t<\/div>\n\t\t\t\t\t\t<\/div>\n\t\t\t\t\t<\/div>\n\t\t<\/div>\n\t\t\t\t\t<\/div>\n\t\t<\/section>\n\t\t\t\t\t<\/div>\n\t\t<\/div>\n\t\t\t\t\t<\/div>\n\t\t<\/section>\n\t\t<div class=\"elementor-element elementor-element-7208220 e-flex e-con-boxed e-con e-parent\" data-id=\"7208220\" data-element_type=\"container\" data-e-type=\"container\">\n\t\t\t\t\t<div class=\"e-con-inner\">\n\t\t<div class=\"elementor-element elementor-element-eb6c2b7 e-con-full e-flex e-con e-child\" data-id=\"eb6c2b7\" data-element_type=\"container\" data-e-type=\"container\">\n\t\t\t\t<div class=\"elementor-element elementor-element-50a54de elementor-widget elementor-widget-html\" data-id=\"50a54de\" data-element_type=\"widget\" data-e-type=\"widget\" data-widget_type=\"html.default\">\n\t\t\t\t\t<iframe src=\"https:\/\/www.facebook.com\/plugins\/post.php?href=https%3A%2F%2Fwww.facebook.com%2FrakennuspalveluAalto%2Fposts%2Fpfbid02G54ghgCgWuRDVENpu8udYtfwxsdA1ULPsQkH2qPsRcjPwWrg9HJYYr4EY21PeGVfl&show_text=true&width=500\" width=\"500\" height=\"582\" style=\"border:none;overflow:hidden\" scrolling=\"no\" frameborder=\"0\" allowfullscreen=\"true\" allow=\"autoplay; clipboard-write; encrypted-media; picture-in-picture; web-share\"><\/iframe>\t\t\t\t<\/div>\n\t\t\t\t<div class=\"elementor-element elementor-element-9c63cf5 elementor-widget elementor-widget-html\" data-id=\"9c63cf5\" data-element_type=\"widget\" data-e-type=\"widget\" data-widget_type=\"html.default\">\n\t\t\t\t\t<iframe src=\"https:\/\/www.facebook.com\/plugins\/post.php?href=https%3A%2F%2Fwww.facebook.com%2FrakennuspalveluAalto%2Fposts%2Fpfbid0337G61HhzBneEMZj1RdJB8ZpQVZQ4Qk1ZQsoLrVNBX94ygmRSrCHXP3i6dBDYcwtNl&show_text=true&width=500\" width=\"500\" height=\"563\" style=\"border:none;overflow:hidden\" scrolling=\"no\" frameborder=\"0\" allowfullscreen=\"true\" allow=\"autoplay; clipboard-write; encrypted-media; picture-in-picture; web-share\"><\/iframe>\t\t\t\t<\/div>\n\t\t\t\t<div class=\"elementor-element elementor-element-a449fa6 elementor-widget elementor-widget-html\" data-id=\"a449fa6\" data-element_type=\"widget\" data-e-type=\"widget\" data-widget_type=\"html.default\">\n\t\t\t\t\t<iframe src=\"https:\/\/www.facebook.com\/plugins\/post.php?href=https%3A%2F%2Fwww.facebook.com%2FrakennuspalveluAalto%2Fposts%2Fpfbid02APo67Q35eGbUsjMT2UrFSUCPxp3hAkN5WiXwvZZnrTAdALtKxn9Yf9YRmtskYYmyl&show_text=true&width=500\" width=\"500\" height=\"628\" style=\"border:none;overflow:hidden\" scrolling=\"no\" frameborder=\"0\" allowfullscreen=\"true\" allow=\"autoplay; clipboard-write; encrypted-media; picture-in-picture; web-share\"><\/iframe>\t\t\t\t<\/div>\n\t\t\t\t<\/div>\n\t\t<div class=\"elementor-element elementor-element-c659c2b e-con-full e-flex e-con e-child\" data-id=\"c659c2b\" data-element_type=\"container\" data-e-type=\"container\">\n\t\t\t\t<div class=\"elementor-element elementor-element-ce14628 elementor-widget elementor-widget-html\" data-id=\"ce14628\" data-element_type=\"widget\" data-e-type=\"widget\" data-widget_type=\"html.default\">\n\t\t\t\t\t<iframe src=\"https:\/\/www.facebook.com\/plugins\/post.php?href=https%3A%2F%2Fwww.facebook.com%2FrakennuspalveluAalto%2Fposts%2Fpfbid02ehSaRuDGtqmdUzXAARTvK5GgNVdxb4E8UqivuYkwDbmRyaLLLd94dVkf82dUgbkal&show_text=true&width=500\" width=\"500\" height=\"582\" style=\"border:none;overflow:hidden\" scrolling=\"no\" frameborder=\"0\" allowfullscreen=\"true\" allow=\"autoplay; clipboard-write; encrypted-media; picture-in-picture; web-share\"><\/iframe>\t\t\t\t<\/div>\n\t\t\t\t<div class=\"elementor-element elementor-element-a439847 elementor-widget elementor-widget-html\" data-id=\"a439847\" data-element_type=\"widget\" data-e-type=\"widget\" data-widget_type=\"html.default\">\n\t\t\t\t\t<iframe src=\"https:\/\/www.facebook.com\/plugins\/post.php?href=https%3A%2F%2Fwww.facebook.com%2FrakennuspalveluAalto%2Fposts%2Fpfbid02Wf1GUJjqpxByQnAQKoLkix2FDeSVSWbRb8rHy9mScKFAJh5bydYVYVZhWxbnCcctl&show_text=true&width=500\" width=\"500\" height=\"505\" style=\"border:none;overflow:hidden\" scrolling=\"no\" frameborder=\"0\" allowfullscreen=\"true\" allow=\"autoplay; clipboard-write; encrypted-media; picture-in-picture; web-share\"><\/iframe>\t\t\t\t<\/div>\n\t\t\t\t<div class=\"elementor-element elementor-element-45bf6ad elementor-widget elementor-widget-html\" data-id=\"45bf6ad\" data-element_type=\"widget\" data-e-type=\"widget\" data-widget_type=\"html.default\">\n\t\t\t\t\t<iframe src=\"https:\/\/www.facebook.com\/plugins\/post.php?href=https%3A%2F%2Fwww.facebook.com%2FrakennuspalveluAalto%2Fposts%2Fpfbid0e2tfmagzcLhGV85wvSEkkDYXZZYFqkYKkPVVagKQ9z1Gr2RcYrTg8kUDyDxxEBjhl&show_text=true&width=500\" width=\"500\" height=\"600\" style=\"border:none;overflow:hidden\" scrolling=\"no\" frameborder=\"0\" allowfullscreen=\"true\" allow=\"autoplay; clipboard-write; encrypted-media; picture-in-picture; web-share\"><\/iframe>\t\t\t\t<\/div>\n\t\t\t\t<\/div>\n\t\t\t\t\t<\/div>\n\t\t\t\t<\/div>\n\t\t\t\t<\/div>\n\t\t","protected":false},"excerpt":{"rendered":"<p>LUOTETTAVA RAKENTAMISEN AMMATTILAINEN SATAKUNNASSA Rakennuspalvelu Aalto Oy Tarjoamme monipuoliset rakennusalan palvelut \u2013 uudisrakennuksista ja laajennuksista aina korjausrakentamiseen sek\u00e4 vaativiin saneerauksiin Satakunnan alueella. Ota yhteytt\u00e4 Viimeisimm\u00e4t julkaisut Ajankohtaista ja tapahtumat Ajankohtaiset uutiset, ty\u00f6maakuulumiset ja tapahtumat l\u00f6ytyv\u00e4t t\u00e4lt\u00e4 sivulta. Facebook-p\u00e4ivitykset n\u00e4kyv\u00e4t automaattisesti, ja lis\u00e4ksi julkaisemme tarvittaessa erillisi\u00e4 uutisia suoraan verkkosivuilla. \ufeff\ufeff\ufeff \ufeff Tyylik\u00e4s Porin Suulotinhelmi Ennakkomarkkinointi Uudiskohde [&hellip;]<\/p>\n","protected":false},"author":1,"featured_media":0,"parent":0,"menu_order":0,"comment_status":"closed","ping_status":"closed","template":"elementor_canvas","meta":{"footnotes":""},"class_list":["post-1345","page","type-page","status-publish","hentry"],"_links":{"self":[{"href":"https:\/\/www.rakennuspalveluaalto.fi\/new\/index.php\/wp-json\/wp\/v2\/pages\/1345","targetHints":{"allow":["GET"]}}],"collection":[{"href":"https:\/\/www.rakennuspalveluaalto.fi\/new\/index.php\/wp-json\/wp\/v2\/pages"}],"about":[{"href":"https:\/\/www.rakennuspalveluaalto.fi\/new\/index.php\/wp-json\/wp\/v2\/types\/page"}],"author":[{"embeddable":true,"href":"https:\/\/www.rakennuspalveluaalto.fi\/new\/index.php\/wp-json\/wp\/v2\/users\/1"}],"replies":[{"embeddable":true,"href":"https:\/\/www.rakennuspalveluaalto.fi\/new\/index.php\/wp-json\/wp\/v2\/comments?post=1345"}],"version-history":[{"count":4,"href":"https:\/\/www.rakennuspalveluaalto.fi\/new\/index.php\/wp-json\/wp\/v2\/pages\/1345\/revisions"}],"predecessor-version":[{"id":1567,"href":"https:\/\/www.rakennuspalveluaalto.fi\/new\/index.php\/wp-json\/wp\/v2\/pages\/1345\/revisions\/1567"}],"wp:attachment":[{"href":"https:\/\/www.rakennuspalveluaalto.fi\/new\/index.php\/wp-json\/wp\/v2\/media?parent=1345"}],"curies":[{"name":"wp","href":"https:\/\/api.w.org\/{rel}","templated":true}]}}