{"id":1269,"date":"2026-02-04T12:59:51","date_gmt":"2026-02-04T10:59:51","guid":{"rendered":"https:\/\/miniapp.fi\/aalto\/?page_id=1269"},"modified":"2026-02-13T01:12:30","modified_gmt":"2026-02-12T23:12:30","slug":"ilmoituskanava","status":"publish","type":"page","link":"https:\/\/www.rakennuspalveluaalto.fi\/new\/index.php\/ilmoituskanava\/","title":{"rendered":"Ilmoituskanava"},"content":{"rendered":"\t\t<div data-elementor-type=\"wp-page\" data-elementor-id=\"1269\" class=\"elementor elementor-1269\">\n\t\t\t\t<div class=\"elementor-element elementor-element-258796c e-flex e-con-boxed e-con e-parent\" data-id=\"258796c\" data-element_type=\"container\" data-e-type=\"container\" data-settings=\"{&quot;background_background&quot;:&quot;slideshow&quot;,&quot;background_slideshow_gallery&quot;:[{&quot;id&quot;:593,&quot;url&quot;:&quot;https:\\\/\\\/www.rakennuspalveluaalto.fi\\\/new\\\/wp-content\\\/uploads\\\/2026\\\/02\\\/yt3.jpg&quot;},{&quot;id&quot;:32,&quot;url&quot;:&quot;https:\\\/\\\/www.rakennuspalveluaalto.fi\\\/new\\\/wp-content\\\/uploads\\\/2025\\\/11\\\/i9.jpg&quot;},{&quot;id&quot;:49,&quot;url&quot;:&quot;https:\\\/\\\/www.rakennuspalveluaalto.fi\\\/new\\\/wp-content\\\/uploads\\\/2025\\\/11\\\/20240628_115244-scaled.jpg&quot;},{&quot;id&quot;:42,&quot;url&quot;:&quot;https:\\\/\\\/www.rakennuspalveluaalto.fi\\\/new\\\/wp-content\\\/uploads\\\/2025\\\/11\\\/i7.jpg&quot;},{&quot;id&quot;:45,&quot;url&quot;:&quot;https:\\\/\\\/www.rakennuspalveluaalto.fi\\\/new\\\/wp-content\\\/uploads\\\/2025\\\/11\\\/i1.jpg&quot;},{&quot;id&quot;:48,&quot;url&quot;:&quot;https:\\\/\\\/www.rakennuspalveluaalto.fi\\\/new\\\/wp-content\\\/uploads\\\/2025\\\/11\\\/HOPEAHARJU-20250318-16.jpg&quot;},{&quot;id&quot;:50,&quot;url&quot;:&quot;https:\\\/\\\/www.rakennuspalveluaalto.fi\\\/new\\\/wp-content\\\/uploads\\\/2025\\\/11\\\/20240628_123538-scaled.jpg&quot;},{&quot;id&quot;:53,&quot;url&quot;:&quot;https:\\\/\\\/www.rakennuspalveluaalto.fi\\\/new\\\/wp-content\\\/uploads\\\/2025\\\/11\\\/487858863_1188179766435473_8472222159692652560_n.jpg&quot;},{&quot;id&quot;:54,&quot;url&quot;:&quot;https:\\\/\\\/www.rakennuspalveluaalto.fi\\\/new\\\/wp-content\\\/uploads\\\/2025\\\/11\\\/493676453_1208052784448171_7632018687897381438_n.jpg&quot;},{&quot;id&quot;:594,&quot;url&quot;:&quot;https:\\\/\\\/www.rakennuspalveluaalto.fi\\\/new\\\/wp-content\\\/uploads\\\/2026\\\/02\\\/yt2.jpg&quot;},{&quot;id&quot;:669,&quot;url&quot;:&quot;https:\\\/\\\/www.rakennuspalveluaalto.fi\\\/new\\\/wp-content\\\/uploads\\\/2026\\\/02\\\/jokit1.jpg&quot;}],&quot;background_slideshow_slide_duration&quot;:8000,&quot;background_slideshow_transition_duration&quot;:1000,&quot;background_slideshow_lazyload&quot;:&quot;yes&quot;,&quot;background_slideshow_ken_burns&quot;:&quot;yes&quot;,&quot;background_slideshow_loop&quot;:&quot;yes&quot;,&quot;background_slideshow_slide_transition&quot;:&quot;fade&quot;,&quot;background_slideshow_ken_burns_zoom_direction&quot;:&quot;in&quot;}\">\n\t\t\t\t\t<div class=\"e-con-inner\">\n\t\t\t\t<div class=\"elementor-element elementor-element-00c0933 elementor-widget elementor-widget-elementskit-heading\" data-id=\"00c0933\" data-element_type=\"widget\" data-e-type=\"widget\" data-widget_type=\"elementskit-heading.default\">\n\t\t\t\t\t<div class=\"ekit-wid-con\" ><div class=\"ekit-heading elementskit-section-title-wraper text_left   ekit_heading_tablet-   ekit_heading_mobile-\"><h3 class=\"elementskit-section-subtitle  elementskit-style-border\">\n\t\t\t\t\t\tLUOTETTAVA RAKENTAMISEN AMMATTILAINEN SATAKUNNASSA\n\t\t\t\t\t<\/h3><h2 class=\"ekit-heading--title elementskit-section-title \">Rakennuspalvelu Aalto Oy<\/h2>\t\t\t\t<div class='ekit-heading__description'>\n\t\t\t\t\t<p>Tarjoamme <strong>monipuoliset rakennusalan palvelut<\/strong> \u2013 uudisrakennuksista ja laajennuksista aina korjausrakentamiseen sek\u00e4 vaativiin saneerauksiin Satakunnan alueella.<\/p>\n\t\t\t\t<\/div>\n\t\t\t<\/div><\/div>\t\t\t\t<\/div>\n\t\t\t\t<div class=\"elementor-element elementor-element-9d63586 elementor-align-left elementor-widget__width-auto elementor-widget elementor-widget-elementskit-button\" data-id=\"9d63586\" data-element_type=\"widget\" data-e-type=\"widget\" data-widget_type=\"elementskit-button.default\">\n\t\t\t\t\t<div class=\"ekit-wid-con\" >\t\t<div class=\"ekit-btn-wraper\">\n\t\t\t\t\t\t\t<a href=\"https:\/\/www.rakennuspalveluaalto.fi\/new\/index.php\/yhteystiedot\/\" class=\"elementskit-btn  whitespace--normal\" id=\"\">\n\t\t\t\t\tOta yhteytt\u00e4\t\t\t\t<\/a>\n\t\t\t\t\t<\/div>\n        <\/div>\t\t\t\t<\/div>\n\t\t\t\t\t<\/div>\n\t\t\t\t<\/div>\n\t\t<div class=\"elementor-element elementor-element-8980853 e-flex e-con-boxed e-con e-parent\" data-id=\"8980853\" data-element_type=\"container\" data-e-type=\"container\">\n\t\t\t\t\t<div class=\"e-con-inner\">\n\t\t\t\t\t<\/div>\n\t\t\t\t<\/div>\n\t\t<div class=\"elementor-element elementor-element-e085438 e-con-full e-flex e-con e-parent\" data-id=\"e085438\" data-element_type=\"container\" data-e-type=\"container\">\n\t\t\t\t<div class=\"elementor-element elementor-element-b6c0175 elementor-widget elementor-widget-text-editor\" data-id=\"b6c0175\" data-element_type=\"widget\" data-e-type=\"widget\" data-widget_type=\"text-editor.default\">\n\t\t\t\t\t\t\t\t\t<h1><strong>Ilmoita<\/strong> havaitusta asiasta<\/h1>\n<p data-start=\"400\" data-end=\"599\">Rakennusty\u00f6mailla turvallisuus, laatu ja sujuva yhteisty\u00f6 ovat meille ensiarvoisen t\u00e4rkeit\u00e4. Jos havaitset ty\u00f6maalla asian, joka vaatii huomiota, pyyd\u00e4mme ilmoittamaan siit\u00e4 t\u00e4m\u00e4n lomakkeen kautta.<\/p>\n<p data-start=\"601\" data-end=\"633\">Ilmoitus voi koskea esimerkiksi:<\/p>\n\n<ul data-start=\"634\" data-end=\"921\">\n \t<li data-start=\"634\" data-end=\"676\">\n<p data-start=\"636\" data-end=\"676\">ty\u00f6turvallisuuteen liittyv\u00e4\u00e4 havaintoa<\/p>\n<\/li>\n \t<li data-start=\"677\" data-end=\"734\">\n<p data-start=\"679\" data-end=\"734\">ty\u00f6maan j\u00e4rjestykseen tai siisteyteen liittyv\u00e4\u00e4 asiaa<\/p>\n<\/li>\n \t<li data-start=\"735\" data-end=\"782\">\n<p data-start=\"737\" data-end=\"782\">poikkeamaa suunnitelmista tai ty\u00f6n laadusta<\/p>\n<\/li>\n \t<li data-start=\"783\" data-end=\"852\">\n<p data-start=\"785\" data-end=\"852\">ymp\u00e4rist\u00f6\u00f6n, meluun tai liikennej\u00e4rjestelyihin liittyv\u00e4\u00e4 huomiota<\/p>\n<\/li>\n \t<li data-start=\"853\" data-end=\"921\">\n<p data-start=\"855\" data-end=\"921\">muuta ty\u00f6maan toimintaan liittyv\u00e4\u00e4 ongelmaa tai kehitysehdotusta<\/p>\n<\/li>\n<\/ul>\n<p data-start=\"923\" data-end=\"1104\">Kaikki ilmoitukset k\u00e4sitell\u00e4\u00e4n luottamuksellisesti ja asiallisesti. Tavoitteenamme on puuttua havaintoihin nopeasti ja varmistaa, ett\u00e4 ty\u00f6maa toimii turvallisesti ja suunnitellusti.<\/p>\n<p data-start=\"1106\" data-end=\"1264\">Ilmoituksen voi tehd\u00e4 omalla nimell\u00e4 tai halutessasi anonyymisti.<br data-start=\"1171\" data-end=\"1174\" \/>Jos j\u00e4t\u00e4t yhteystietosi, voimme tarvittaessa olla sinuun yhteydess\u00e4 asian selvitt\u00e4miseksi.<\/p>\n<p data-start=\"1266\" data-end=\"1358\">Kiitos, ett\u00e4 autat meit\u00e4 kehitt\u00e4m\u00e4\u00e4n toimintaamme ja pit\u00e4m\u00e4\u00e4n ty\u00f6maat turvallisina kaikille.<\/p>\t\t\t\t\t\t\t\t<\/div>\n\t\t\t\t<div class=\"elementor-element elementor-element-aeb9924 elementor-widget elementor-widget-text-editor\" data-id=\"aeb9924\" data-element_type=\"widget\" data-e-type=\"widget\" data-widget_type=\"text-editor.default\">\n\t\t\t\t\t\t\t\t\t<h1><strong>Luo<\/strong> ilmoitus<\/h1>\t\t\t\t\t\t\t\t<\/div>\n\t\t\t\t<\/div>\n\t\t<div class=\"elementor-element elementor-element-5981460 e-flex e-con-boxed e-con e-parent\" data-id=\"5981460\" data-element_type=\"container\" data-e-type=\"container\">\n\t\t\t\t\t<div class=\"e-con-inner\">\n\t\t\t\t<div class=\"elementor-element elementor-element-f17410f elementor-widget elementor-widget-html\" data-id=\"f17410f\" data-element_type=\"widget\" data-e-type=\"widget\" data-widget_type=\"html.default\">\n\t\t\t\t\t<div class=\"aalto-form\">\r\n\n<div class=\"wpcf7 no-js\" id=\"wpcf7-f1279-o1\" lang=\"fi\" dir=\"ltr\" data-wpcf7-id=\"1279\">\n<div class=\"screen-reader-response\"><p role=\"status\" aria-live=\"polite\" aria-atomic=\"true\"><\/p> <ul><\/ul><\/div>\n<form action=\"\/new\/index.php\/wp-json\/wp\/v2\/pages\/1269#wpcf7-f1279-o1\" method=\"post\" class=\"wpcf7-form init\" aria-label=\"Yhteydenottolomake\" enctype=\"multipart\/form-data\" novalidate=\"novalidate\" data-status=\"init\">\n<fieldset class=\"hidden-fields-container\"><input type=\"hidden\" name=\"_wpcf7\" value=\"1279\" \/><input type=\"hidden\" name=\"_wpcf7_version\" value=\"6.1.5\" \/><input type=\"hidden\" name=\"_wpcf7_locale\" value=\"fi\" \/><input type=\"hidden\" name=\"_wpcf7_unit_tag\" value=\"wpcf7-f1279-o1\" \/><input type=\"hidden\" name=\"_wpcf7_container_post\" value=\"0\" \/><input type=\"hidden\" name=\"_wpcf7_posted_data_hash\" value=\"\" \/>\n<\/fieldset>\n<p><label> Ilmoituksen tyyppi<br \/>\n<span class=\"wpcf7-form-control-wrap\" data-name=\"ilmoituksen-tyyppi\"><select class=\"wpcf7-form-control wpcf7-select wpcf7-validates-as-required\" aria-required=\"true\" aria-invalid=\"false\" name=\"ilmoituksen-tyyppi\"><option value=\"\">&#8212;Valitse vaihtoehto&#8212;<\/option><option value=\"Ty\u00f6turvallisuus\">Ty\u00f6turvallisuus<\/option><option value=\"Laatu \/ ty\u00f6n j\u00e4lki\">Laatu \/ ty\u00f6n j\u00e4lki<\/option><option value=\"J\u00e4rjestys ja siisteys\">J\u00e4rjestys ja siisteys<\/option><option value=\"Ymp\u00e4rist\u00f6 \/ melu \/ liikenne\">Ymp\u00e4rist\u00f6 \/ melu \/ liikenne<\/option><option value=\"Poikkeama suunnitelmista\">Poikkeama suunnitelmista<\/option><option value=\"Muu havainto\">Muu havainto<\/option><\/select><\/span><br \/>\n<\/label>\n<\/p>\n<p><label> Ty\u00f6maa \/ kohde<br \/>\n<span class=\"wpcf7-form-control-wrap\" data-name=\"tyomaa\"><input size=\"40\" maxlength=\"400\" class=\"wpcf7-form-control wpcf7-text wpcf7-validates-as-required\" aria-required=\"true\" aria-invalid=\"false\" placeholder=\"Esim. Suulotintie 54, Pori\" value=\"\" type=\"text\" name=\"tyomaa\" \/><\/span><br \/>\n<\/label>\n<\/p>\n<p><label> Havainnon p\u00e4iv\u00e4m\u00e4\u00e4r\u00e4<br \/>\n<span class=\"wpcf7-form-control-wrap\" data-name=\"havainto-paiva\"><input class=\"wpcf7-form-control wpcf7-date wpcf7-validates-as-date\" aria-invalid=\"false\" value=\"\" type=\"date\" name=\"havainto-paiva\" \/><\/span><br \/>\n<\/label>\n<\/p>\n<p><label> Sijainti ty\u00f6maalla<br \/>\n<span class=\"wpcf7-form-control-wrap\" data-name=\"havainto-sijainti\"><input size=\"40\" maxlength=\"400\" class=\"wpcf7-form-control wpcf7-text\" aria-invalid=\"false\" placeholder=\"Esim. B-rappu, pihaty\u00f6alue, 2. krs\" value=\"\" type=\"text\" name=\"havainto-sijainti\" \/><\/span><br \/>\n<\/label>\n<\/p>\n<p><label> Kuvaus havaitusta asiasta<br \/>\n<span class=\"wpcf7-form-control-wrap\" data-name=\"kuvaus\"><textarea cols=\"40\" rows=\"10\" maxlength=\"2000\" class=\"wpcf7-form-control wpcf7-textarea wpcf7-validates-as-required\" aria-required=\"true\" aria-invalid=\"false\" placeholder=\"Kuvaile mahdollisimman selke\u00e4sti mit\u00e4 havaitsit, miss\u00e4 ja milloin.\" name=\"kuvaus\"><\/textarea><\/span><br \/>\n<\/label>\n<\/p>\n<p><label> Vaatiiko asia mielest\u00e4si v\u00e4lit\u00f6nt\u00e4 reagointia?<br \/>\n<span class=\"wpcf7-form-control-wrap\" data-name=\"kiireellisyys\"><span class=\"wpcf7-form-control wpcf7-radio\"><span class=\"wpcf7-list-item first\"><input type=\"radio\" name=\"kiireellisyys\" value=\"Kyll\u00e4\" \/><span class=\"wpcf7-list-item-label\">Kyll\u00e4<\/span><\/span><span class=\"wpcf7-list-item\"><input type=\"radio\" name=\"kiireellisyys\" value=\"Ei\" checked=\"checked\" \/><span class=\"wpcf7-list-item-label\">Ei<\/span><\/span><span class=\"wpcf7-list-item last\"><input type=\"radio\" name=\"kiireellisyys\" value=\"En osaa sanoa\" \/><span class=\"wpcf7-list-item-label\">En osaa sanoa<\/span><\/span><\/span><\/span><br \/>\n<\/label>\n<\/p>\n<p><label> Liit\u00e4 kuva tai tiedosto (valinnainen)<br \/>\n<span class=\"wpcf7-form-control-wrap\" data-name=\"liite\"><input size=\"40\" class=\"wpcf7-form-control wpcf7-file\" accept=\".jpg,.jpeg,.png,.pdf\" aria-invalid=\"false\" type=\"file\" name=\"liite\" \/><\/span><br \/>\n<\/label>\n<\/p>\n<hr \/>\n<p><label> Haluatko tehd\u00e4 ilmoituksen anonyymisti?<br \/>\n<span class=\"wpcf7-form-control-wrap\" data-name=\"ilmoitus-tapa\"><span class=\"wpcf7-form-control wpcf7-radio\"><span class=\"wpcf7-list-item first\"><input type=\"radio\" name=\"ilmoitus-tapa\" value=\"Anonyymisti\" checked=\"checked\" \/><span class=\"wpcf7-list-item-label\">Anonyymisti<\/span><\/span><span class=\"wpcf7-list-item last\"><input type=\"radio\" name=\"ilmoitus-tapa\" value=\"Nimell\u00e4ni\" \/><span class=\"wpcf7-list-item-label\">Nimell\u00e4ni<\/span><\/span><\/span><\/span><br \/>\n<\/label>\n<\/p>\n<p><label> Nimesi (valinnainen)<br \/>\n<span class=\"wpcf7-form-control-wrap\" data-name=\"ilmoittaja-nimi\"><input size=\"40\" maxlength=\"400\" class=\"wpcf7-form-control wpcf7-text\" autocomplete=\"name\" aria-invalid=\"false\" value=\"\" type=\"text\" name=\"ilmoittaja-nimi\" \/><\/span><br \/>\n<\/label>\n<\/p>\n<p><label> S\u00e4hk\u00f6posti tai puhelin (valinnainen)<br \/>\n<span class=\"wpcf7-form-control-wrap\" data-name=\"yhteystieto\"><input size=\"40\" maxlength=\"400\" class=\"wpcf7-form-control wpcf7-text\" aria-invalid=\"false\" placeholder=\"Esim. s\u00e4hk\u00f6posti tai puhelinnumero\" value=\"\" type=\"text\" name=\"yhteystieto\" \/><\/span><br \/>\n<\/label>\n<\/p>\n<p><label> Tietosuoja<br \/>\n<span class=\"wpcf7-form-control-wrap\" data-name=\"tietosuoja-acceptance\"><span class=\"wpcf7-form-control wpcf7-acceptance\"><span class=\"wpcf7-list-item\"><label><input type=\"checkbox\" name=\"tietosuoja-acceptance\" value=\"1\" aria-invalid=\"false\" \/><span class=\"wpcf7-list-item-label\">Olen lukenut <a href=\"https:\/\/www.rakennuspalveluaalto.fi\/new\/index.php\/tietosuoja\/\" target=\"_blank\"><u>tietosuojaselosteen<\/u><\/a> ja hyv\u00e4ksyn tietojen k\u00e4sittelyn ilmoituksen k\u00e4sittelemiseksi.<\/span><\/label><\/span><\/span><\/span><br \/>\n<\/label>\n<\/p>\n<p><input class=\"wpcf7-form-control wpcf7-submit has-spinner\" type=\"submit\" value=\"L\u00e4het\u00e4 ilmoitus\" \/>\n<\/p><div class=\"wpcf7-response-output\" aria-hidden=\"true\"><\/div>\n<\/form>\n<\/div>\n<\/div>\r\n<style>\r\n\/* ===== Rakennuspalvelu Aalto \u2013 CF7 lomaketyyli ===== *\/\r\n.aalto-form {\r\n  max-width: 820px;\r\n  margin: 0 auto;\r\n  padding: 24px;\r\n  border: 1px solid rgba(0,0,0,.08);\r\n  border-radius: 16px;\r\n  background: #fff;\r\n  box-shadow: 0 12px 30px rgba(0,0,0,.06);\r\n}\r\n\r\n.aalto-form label {\r\n  display: block;\r\n  font-weight: 600;\r\n  margin: 0 0 10px;\r\n  color: rgba(0,0,0,.85);\r\n}\r\n\r\n\/* Kent\u00e4t isoiksi ja selkeiksi *\/\r\n.aalto-form .wpcf7-form-control:not(.wpcf7-submit):not(.wpcf7-acceptance) {\r\n  width: 100%;\r\n  box-sizing: border-box;\r\n  font-size: 16px;\r\n  line-height: 1.4;\r\n  padding: 16px 16px;\r\n  border-radius: 12px;\r\n  border: 1px solid rgba(0,0,0,.18);\r\n  background: #fff;\r\n  outline: none;\r\n  transition: border-color .15s ease, box-shadow .15s ease, transform .15s ease;\r\n}\r\n\r\n\/* Tekstialue viel\u00e4 isommaksi *\/\r\n.aalto-form textarea.wpcf7-form-control {\r\n  min-height: 160px;\r\n  resize: vertical;\r\n}\r\n\r\n\/* Selectiin pieni \"j\u00e4m\u00e4kkyys\" *\/\r\n.aalto-form select.wpcf7-form-control {\r\n  appearance: none;\r\n  background-image:\r\n    linear-gradient(45deg, transparent 50%, rgba(0,0,0,.6) 50%),\r\n    linear-gradient(135deg, rgba(0,0,0,.6) 50%, transparent 50%);\r\n  background-position:\r\n    calc(100% - 20px) calc(50% - 3px),\r\n    calc(100% - 14px) calc(50% - 3px);\r\n  background-size: 6px 6px, 6px 6px;\r\n  background-repeat: no-repeat;\r\n  padding-right: 44px;\r\n}\r\n\r\n\/* Focus: selke\u00e4 mutta tyylik\u00e4s *\/\r\n.aalto-form .wpcf7-form-control:focus {\r\n  border-color: rgba(0,0,0,.55);\r\n  box-shadow: 0 0 0 4px rgba(0,0,0,.10);\r\n  transform: translateY(-1px);\r\n}\r\n\r\n\/* Radio ja acceptance siistiksi *\/\r\n.aalto-form .wpcf7-radio,\r\n.aalto-form .wpcf7-acceptance {\r\n  display: block;\r\n  margin: 8px 0 6px;\r\n}\r\n\r\n.aalto-form .wpcf7-radio .wpcf7-list-item,\r\n.aalto-form .wpcf7-checkbox .wpcf7-list-item {\r\n  display: inline-flex;\r\n  align-items: center;\r\n  gap: 10px;\r\n  margin: 8px 14px 0 0;\r\n}\r\n\r\n.aalto-form input[type=\"radio\"],\r\n.aalto-form input[type=\"checkbox\"] {\r\n  width: 18px;\r\n  height: 18px;\r\n  accent-color: #111;\r\n}\r\n\r\n\/* HR siistiksi *\/\r\n.aalto-form hr {\r\n  border: 0;\r\n  height: 1px;\r\n  background: rgba(0,0,0,.10);\r\n  margin: 20px 0;\r\n}\r\n\r\n\/* Submit-nappi: vahva, yritysm\u00e4inen *\/\r\n.aalto-form .wpcf7-submit {\r\n  display: inline-flex;\r\n  align-items: center;\r\n  justify-content: center;\r\n  width: 100%;\r\n  padding: 16px 18px;\r\n  font-size: 16px;\r\n  font-weight: 700;\r\n  border-radius: 12px;\r\n  border: 1px solid rgba(0,0,0,.18);\r\n  background: #111;\r\n  color: #fff;\r\n  cursor: pointer;\r\n  transition: transform .15s ease, box-shadow .15s ease, opacity .15s ease;\r\n  box-shadow: 0 10px 24px rgba(0,0,0,.18);\r\n}\r\n\r\n.aalto-form .wpcf7-submit:hover {\r\n  transform: translateY(-1px);\r\n  box-shadow: 0 14px 32px rgba(0,0,0,.22);\r\n}\r\n\r\n.aalto-form .wpcf7-submit:active {\r\n  transform: translateY(0);\r\n  opacity: .92;\r\n}\r\n\r\n\/* Validointi ja virheet *\/\r\n.aalto-form .wpcf7-not-valid {\r\n  border-color: rgba(180, 0, 0, .55) !important;\r\n  box-shadow: 0 0 0 4px rgba(180, 0, 0, .10) !important;\r\n}\r\n\r\n.aalto-form .wpcf7-not-valid-tip {\r\n  margin-top: 8px;\r\n  font-size: 14px;\r\n  color: rgba(180, 0, 0, .85);\r\n}\r\n\r\n.aalto-form .wpcf7-response-output {\r\n  margin: 18px 0 0;\r\n  padding: 14px 14px;\r\n  border-radius: 12px;\r\n  border: 1px solid rgba(0,0,0,.15);\r\n  background: rgba(0,0,0,.03);\r\n}\r\n\r\n\/* Mobiilissa v\u00e4h\u00e4n tiiviimm\u00e4ksi *\/\r\n@media (max-width: 640px) {\r\n  .aalto-form { padding: 18px; border-radius: 14px; }\r\n  .aalto-form .wpcf7-form-control:not(.wpcf7-submit):not(.wpcf7-acceptance) {\r\n    padding: 14px 14px;\r\n  }\r\n}\r\n<\/style>\t\t\t\t<\/div>\n\t\t\t\t<div class=\"elementor-element elementor-element-4b6872c elementor-widget elementor-widget-text-editor\" data-id=\"4b6872c\" data-element_type=\"widget\" data-e-type=\"widget\" data-widget_type=\"text-editor.default\">\n\t\t\t\t\t\t\t\t\t<p style=\"text-align: center;\"><span style=\"color: #ffffff;\">. . .<\/span><\/p>\t\t\t\t\t\t\t\t<\/div>\n\t\t\t\t\t<\/div>\n\t\t\t\t<\/div>\n\t\t\t\t<\/div>\n\t\t","protected":false},"excerpt":{"rendered":"<p>LUOTETTAVA RAKENTAMISEN AMMATTILAINEN SATAKUNNASSA Rakennuspalvelu Aalto Oy Tarjoamme monipuoliset rakennusalan palvelut \u2013 uudisrakennuksista ja laajennuksista aina korjausrakentamiseen sek\u00e4 vaativiin saneerauksiin Satakunnan alueella. Ota yhteytt\u00e4 Ilmoita havaitusta asiasta Rakennusty\u00f6mailla turvallisuus, laatu ja sujuva yhteisty\u00f6 ovat meille ensiarvoisen t\u00e4rkeit\u00e4. Jos havaitset ty\u00f6maalla asian, joka vaatii huomiota, pyyd\u00e4mme ilmoittamaan siit\u00e4 t\u00e4m\u00e4n lomakkeen kautta. Ilmoitus voi koskea esimerkiksi: ty\u00f6turvallisuuteen [&hellip;]<\/p>\n","protected":false},"author":1,"featured_media":0,"parent":0,"menu_order":0,"comment_status":"closed","ping_status":"closed","template":"elementor_canvas","meta":{"footnotes":""},"class_list":["post-1269","page","type-page","status-publish","hentry"],"_links":{"self":[{"href":"https:\/\/www.rakennuspalveluaalto.fi\/new\/index.php\/wp-json\/wp\/v2\/pages\/1269","targetHints":{"allow":["GET"]}}],"collection":[{"href":"https:\/\/www.rakennuspalveluaalto.fi\/new\/index.php\/wp-json\/wp\/v2\/pages"}],"about":[{"href":"https:\/\/www.rakennuspalveluaalto.fi\/new\/index.php\/wp-json\/wp\/v2\/types\/page"}],"author":[{"embeddable":true,"href":"https:\/\/www.rakennuspalveluaalto.fi\/new\/index.php\/wp-json\/wp\/v2\/users\/1"}],"replies":[{"embeddable":true,"href":"https:\/\/www.rakennuspalveluaalto.fi\/new\/index.php\/wp-json\/wp\/v2\/comments?post=1269"}],"version-history":[{"count":0,"href":"https:\/\/www.rakennuspalveluaalto.fi\/new\/index.php\/wp-json\/wp\/v2\/pages\/1269\/revisions"}],"wp:attachment":[{"href":"https:\/\/www.rakennuspalveluaalto.fi\/new\/index.php\/wp-json\/wp\/v2\/media?parent=1269"}],"curies":[{"name":"wp","href":"https:\/\/api.w.org\/{rel}","templated":true}]}}