{"id":1238,"date":"2026-02-04T10:26:57","date_gmt":"2026-02-04T08:26:57","guid":{"rendered":"https:\/\/miniapp.fi\/aalto\/?page_id=1238"},"modified":"2026-02-13T00:12:20","modified_gmt":"2026-02-12T22:12:20","slug":"meille-toihin","status":"publish","type":"page","link":"https:\/\/www.rakennuspalveluaalto.fi\/new\/index.php\/meille-toihin\/","title":{"rendered":"Meille t\u00f6ihin"},"content":{"rendered":"\t\t<div data-elementor-type=\"wp-page\" data-elementor-id=\"1238\" class=\"elementor elementor-1238\">\n\t\t\t\t<div class=\"elementor-element elementor-element-9794dee e-flex e-con-boxed e-con e-parent\" data-id=\"9794dee\" data-element_type=\"container\" data-e-type=\"container\">\n\t\t\t\t\t<div class=\"e-con-inner\">\n\t\t\t\t\t<\/div>\n\t\t\t\t<\/div>\n\t\t<div class=\"elementor-element elementor-element-e0a3167 e-flex e-con-boxed e-con e-parent\" data-id=\"e0a3167\" data-element_type=\"container\" data-e-type=\"container\" data-settings=\"{&quot;background_background&quot;:&quot;slideshow&quot;,&quot;background_slideshow_gallery&quot;:[{&quot;id&quot;:593,&quot;url&quot;:&quot;https:\\\/\\\/www.rakennuspalveluaalto.fi\\\/new\\\/wp-content\\\/uploads\\\/2026\\\/02\\\/yt3.jpg&quot;},{&quot;id&quot;:49,&quot;url&quot;:&quot;https:\\\/\\\/www.rakennuspalveluaalto.fi\\\/new\\\/wp-content\\\/uploads\\\/2025\\\/11\\\/20240628_115244-scaled.jpg&quot;},{&quot;id&quot;:32,&quot;url&quot;:&quot;https:\\\/\\\/www.rakennuspalveluaalto.fi\\\/new\\\/wp-content\\\/uploads\\\/2025\\\/11\\\/i9.jpg&quot;},{&quot;id&quot;:42,&quot;url&quot;:&quot;https:\\\/\\\/www.rakennuspalveluaalto.fi\\\/new\\\/wp-content\\\/uploads\\\/2025\\\/11\\\/i7.jpg&quot;},{&quot;id&quot;:48,&quot;url&quot;:&quot;https:\\\/\\\/www.rakennuspalveluaalto.fi\\\/new\\\/wp-content\\\/uploads\\\/2025\\\/11\\\/HOPEAHARJU-20250318-16.jpg&quot;},{&quot;id&quot;:50,&quot;url&quot;:&quot;https:\\\/\\\/www.rakennuspalveluaalto.fi\\\/new\\\/wp-content\\\/uploads\\\/2025\\\/11\\\/20240628_123538-scaled.jpg&quot;},{&quot;id&quot;:53,&quot;url&quot;:&quot;https:\\\/\\\/www.rakennuspalveluaalto.fi\\\/new\\\/wp-content\\\/uploads\\\/2025\\\/11\\\/487858863_1188179766435473_8472222159692652560_n.jpg&quot;},{&quot;id&quot;:54,&quot;url&quot;:&quot;https:\\\/\\\/www.rakennuspalveluaalto.fi\\\/new\\\/wp-content\\\/uploads\\\/2025\\\/11\\\/493676453_1208052784448171_7632018687897381438_n.jpg&quot;},{&quot;id&quot;:1007,&quot;url&quot;:&quot;https:\\\/\\\/www.rakennuspalveluaalto.fi\\\/new\\\/wp-content\\\/uploads\\\/2026\\\/02\\\/su2.jpg&quot;},{&quot;id&quot;:594,&quot;url&quot;:&quot;https:\\\/\\\/www.rakennuspalveluaalto.fi\\\/new\\\/wp-content\\\/uploads\\\/2026\\\/02\\\/yt2.jpg&quot;},{&quot;id&quot;:669,&quot;url&quot;:&quot;https:\\\/\\\/www.rakennuspalveluaalto.fi\\\/new\\\/wp-content\\\/uploads\\\/2026\\\/02\\\/jokit1.jpg&quot;}],&quot;background_slideshow_slide_duration&quot;:8000,&quot;background_slideshow_transition_duration&quot;:1000,&quot;background_slideshow_lazyload&quot;:&quot;yes&quot;,&quot;background_slideshow_ken_burns&quot;:&quot;yes&quot;,&quot;background_slideshow_loop&quot;:&quot;yes&quot;,&quot;background_slideshow_slide_transition&quot;:&quot;fade&quot;,&quot;background_slideshow_ken_burns_zoom_direction&quot;:&quot;in&quot;}\">\n\t\t\t\t\t<div class=\"e-con-inner\">\n\t\t\t\t<div class=\"elementor-element elementor-element-4387fd1 elementor-widget elementor-widget-elementskit-heading\" data-id=\"4387fd1\" data-element_type=\"widget\" data-e-type=\"widget\" data-widget_type=\"elementskit-heading.default\">\n\t\t\t\t\t<div class=\"ekit-wid-con\" ><div class=\"ekit-heading elementskit-section-title-wraper text_left   ekit_heading_tablet-   ekit_heading_mobile-\"><h3 class=\"elementskit-section-subtitle  elementskit-style-border\">\n\t\t\t\t\t\tLUOTETTAVA RAKENTAMISEN AMMATTILAINEN SATAKUNNASSA\n\t\t\t\t\t<\/h3><h2 class=\"ekit-heading--title elementskit-section-title \">Rakennuspalvelu Aalto Oy<\/h2>\t\t\t\t<div class='ekit-heading__description'>\n\t\t\t\t\t<p>Tarjoamme <strong>monipuoliset rakennusalan palvelut<\/strong> \u2013 uudisrakennuksista ja laajennuksista aina korjausrakentamiseen sek\u00e4 vaativiin saneerauksiin Satakunnan alueella.<\/p>\n\t\t\t\t<\/div>\n\t\t\t<\/div><\/div>\t\t\t\t<\/div>\n\t\t\t\t<div class=\"elementor-element elementor-element-c8a94ec elementor-align-left elementor-widget__width-auto elementor-widget elementor-widget-elementskit-button\" data-id=\"c8a94ec\" data-element_type=\"widget\" data-e-type=\"widget\" data-widget_type=\"elementskit-button.default\">\n\t\t\t\t\t<div class=\"ekit-wid-con\" >\t\t<div class=\"ekit-btn-wraper\">\n\t\t\t\t\t\t\t<a href=\"https:\/\/www.rakennuspalveluaalto.fi\/new\/index.php\/yhteystiedot\/\" class=\"elementskit-btn  whitespace--normal\" id=\"\">\n\t\t\t\t\tOta yhteytt\u00e4\t\t\t\t<\/a>\n\t\t\t\t\t<\/div>\n        <\/div>\t\t\t\t<\/div>\n\t\t\t\t\t<\/div>\n\t\t\t\t<\/div>\n\t\t<div class=\"elementor-element elementor-element-bf6604a e-flex e-con-boxed e-con e-parent\" data-id=\"bf6604a\" data-element_type=\"container\" data-e-type=\"container\">\n\t\t\t\t\t<div class=\"e-con-inner\">\n\t\t\t\t<div class=\"elementor-element elementor-element-fbe5aea elementor-widget elementor-widget-text-editor\" data-id=\"fbe5aea\" data-element_type=\"widget\" data-e-type=\"widget\" data-widget_type=\"text-editor.default\">\n\t\t\t\t\t\t\t\t\t<h1>J\u00e4t\u00e4 avoin <strong>ty\u00f6hakemus<\/strong><\/h1>\n<p data-start=\"230\" data-end=\"474\">Rakennuspalvelu Aalto Oy kasvaa ja kehittyy jatkuvasti. Olemme aina kiinnostuneita osaavista, motivoituneista ja hyv\u00e4ll\u00e4 asenteella varustetuista tekij\u00f6ist\u00e4, jotka haluavat olla mukana rakentamassa laadukkaita kohteita ja kest\u00e4v\u00e4\u00e4 lopputulosta.<\/p>\n<p data-start=\"476\" data-end=\"723\">Jos sinulla on kokemusta rakennusalalta \u2013 tai olet vasta urasi alussa mutta valmis oppimaan ja tekem\u00e4\u00e4n t\u00f6it\u00e4 tosissaan \u2013 kuulemme sinusta mielell\u00e4mme. Arvostamme erityisesti oma-aloitteisuutta, vastuullista ty\u00f6otetta ja kyky\u00e4 toimia osana tiimi\u00e4.<\/p>\n<p data-start=\"725\" data-end=\"1007\">Meill\u00e4 p\u00e4\u00e4set ty\u00f6skentelem\u00e4\u00e4n vaihtelevissa ja mielenkiintoisissa kohteissa osana osaavaa porukkaa. Panostamme ty\u00f6n laatuun, turvallisuuteen ja siihen, ett\u00e4 ty\u00f6 tehd\u00e4\u00e4n kerralla kunnolla. Tarjoamme reilun ty\u00f6yhteis\u00f6n, selke\u00e4t toimintatavat ja mahdollisuuden kehitty\u00e4 ammattilaisena.<\/p>\n<h3 data-start=\"1009\" data-end=\"1041\">Kenelle avoin hakemus sopii?<\/h3>\n<p data-start=\"1042\" data-end=\"1086\">Avoin ty\u00f6hakemus on tarkoitettu esimerkiksi:<\/p>\n<ul data-start=\"1087\" data-end=\"1304\">\n<li data-start=\"1087\" data-end=\"1137\">\n<p data-start=\"1089\" data-end=\"1137\">kirvesmiehille ja rakennusalan ammattilaisille<\/p>\n<\/li>\n<li data-start=\"1138\" data-end=\"1183\">\n<p data-start=\"1140\" data-end=\"1183\">ty\u00f6njohtajille ja vastaaville mestareille<\/p>\n<\/li>\n<li data-start=\"1184\" data-end=\"1236\">\n<p data-start=\"1186\" data-end=\"1236\">rakennusalan opiskelijoille ja harjoittelijoille<\/p>\n<\/li>\n<li data-start=\"1237\" data-end=\"1304\">\n<p data-start=\"1239\" data-end=\"1304\">muille rakennusalan osaajille, joilla on halu tehd\u00e4 hyv\u00e4\u00e4 ty\u00f6t\u00e4<\/p>\n<\/li>\n<\/ul>\n<h3 data-start=\"1306\" data-end=\"1328\">Hakemus<\/h3>\n<p data-start=\"1329\" data-end=\"1496\">Kerro hakemuksessasi lyhyesti itsest\u00e4si, osaamisestasi ja siit\u00e4, millaisista teht\u00e4vist\u00e4 olet kiinnostunut. Liit\u00e4 mukaan CV tai kerro ty\u00f6historiastasi vapaamuotoisesti.<\/p>\n<p data-start=\"1498\" data-end=\"1612\">K\u00e4ymme avoimet hakemukset l\u00e4pi s\u00e4\u00e4nn\u00f6llisesti ja olemme yhteydess\u00e4, kun osaamistasi vastaava mahdollisuus avautuu.<\/p>\n<p data-start=\"1614\" data-end=\"1682\"><strong data-start=\"1617\" data-end=\"1682\">L\u00e4het\u00e4 avoin ty\u00f6hakemus osoitteeseen toimisto@rakennuspalveluaalto.fi<br>ja tule mukaan rakentamaan kanssamme.<\/strong><\/p>\t\t\t\t\t\t\t\t<\/div>\n\t\t\t\t\t<\/div>\n\t\t\t\t<\/div>\n\t\t<div class=\"elementor-element elementor-element-e544947 e-flex e-con-boxed e-con e-parent\" data-id=\"e544947\" data-element_type=\"container\" data-e-type=\"container\">\n\t\t\t\t\t<div class=\"e-con-inner\">\n\t\t\t\t<div class=\"elementor-element elementor-element-c1309c9 elementor-widget elementor-widget-image\" data-id=\"c1309c9\" data-element_type=\"widget\" data-e-type=\"widget\" data-widget_type=\"image.default\">\n\t\t\t\t\t\t\t\t\t\t\t\t\t\t\t<img fetchpriority=\"high\" decoding=\"async\" width=\"1599\" height=\"616\" src=\"https:\/\/www.rakennuspalveluaalto.fi\/new\/wp-content\/uploads\/2026\/02\/vahvimmat_platina.jpg\" class=\"attachment-full size-full wp-image-1255\" alt=\"\" srcset=\"https:\/\/www.rakennuspalveluaalto.fi\/new\/wp-content\/uploads\/2026\/02\/vahvimmat_platina.jpg 1599w, https:\/\/www.rakennuspalveluaalto.fi\/new\/wp-content\/uploads\/2026\/02\/vahvimmat_platina-300x116.jpg 300w, https:\/\/www.rakennuspalveluaalto.fi\/new\/wp-content\/uploads\/2026\/02\/vahvimmat_platina-1024x394.jpg 1024w, https:\/\/www.rakennuspalveluaalto.fi\/new\/wp-content\/uploads\/2026\/02\/vahvimmat_platina-768x296.jpg 768w, https:\/\/www.rakennuspalveluaalto.fi\/new\/wp-content\/uploads\/2026\/02\/vahvimmat_platina-1536x592.jpg 1536w\" sizes=\"(max-width: 1599px) 100vw, 1599px\" \/>\t\t\t\t\t\t\t\t\t\t\t\t\t\t\t<\/div>\n\t\t\t\t\t<\/div>\n\t\t\t\t<\/div>\n\t\t\t\t<\/div>\n\t\t","protected":false},"excerpt":{"rendered":"<p>LUOTETTAVA RAKENTAMISEN AMMATTILAINEN SATAKUNNASSA Rakennuspalvelu Aalto Oy Tarjoamme monipuoliset rakennusalan palvelut \u2013 uudisrakennuksista ja laajennuksista aina korjausrakentamiseen sek\u00e4 vaativiin saneerauksiin Satakunnan alueella. Ota yhteytt\u00e4 J\u00e4t\u00e4 avoin ty\u00f6hakemus Rakennuspalvelu Aalto Oy kasvaa ja kehittyy jatkuvasti. Olemme aina kiinnostuneita osaavista, motivoituneista ja hyv\u00e4ll\u00e4 asenteella varustetuista tekij\u00f6ist\u00e4, jotka haluavat olla mukana rakentamassa laadukkaita kohteita ja kest\u00e4v\u00e4\u00e4 lopputulosta. Jos [&hellip;]<\/p>\n","protected":false},"author":1,"featured_media":0,"parent":0,"menu_order":0,"comment_status":"closed","ping_status":"closed","template":"elementor_canvas","meta":{"footnotes":""},"class_list":["post-1238","page","type-page","status-publish","hentry"],"_links":{"self":[{"href":"https:\/\/www.rakennuspalveluaalto.fi\/new\/index.php\/wp-json\/wp\/v2\/pages\/1238","targetHints":{"allow":["GET"]}}],"collection":[{"href":"https:\/\/www.rakennuspalveluaalto.fi\/new\/index.php\/wp-json\/wp\/v2\/pages"}],"about":[{"href":"https:\/\/www.rakennuspalveluaalto.fi\/new\/index.php\/wp-json\/wp\/v2\/types\/page"}],"author":[{"embeddable":true,"href":"https:\/\/www.rakennuspalveluaalto.fi\/new\/index.php\/wp-json\/wp\/v2\/users\/1"}],"replies":[{"embeddable":true,"href":"https:\/\/www.rakennuspalveluaalto.fi\/new\/index.php\/wp-json\/wp\/v2\/comments?post=1238"}],"version-history":[{"count":0,"href":"https:\/\/www.rakennuspalveluaalto.fi\/new\/index.php\/wp-json\/wp\/v2\/pages\/1238\/revisions"}],"wp:attachment":[{"href":"https:\/\/www.rakennuspalveluaalto.fi\/new\/index.php\/wp-json\/wp\/v2\/media?parent=1238"}],"curies":[{"name":"wp","href":"https:\/\/api.w.org\/{rel}","templated":true}]}}