{"id":1057,"date":"2026-02-02T23:43:19","date_gmt":"2026-02-02T21:43:19","guid":{"rendered":"https:\/\/miniapp.fi\/aalto\/?page_id=1057"},"modified":"2026-02-13T00:22:42","modified_gmt":"2026-02-12T22:22:42","slug":"logot","status":"publish","type":"page","link":"https:\/\/www.rakennuspalveluaalto.fi\/new\/index.php\/logot\/","title":{"rendered":"Logot"},"content":{"rendered":"\t\t<div data-elementor-type=\"wp-page\" data-elementor-id=\"1057\" class=\"elementor elementor-1057\">\n\t\t\t\t<div class=\"elementor-element elementor-element-c840888 e-flex e-con-boxed e-con e-parent\" data-id=\"c840888\" data-element_type=\"container\" data-e-type=\"container\" data-settings=\"{&quot;background_background&quot;:&quot;slideshow&quot;,&quot;background_slideshow_gallery&quot;:[{&quot;id&quot;:593,&quot;url&quot;:&quot;https:\\\/\\\/www.rakennuspalveluaalto.fi\\\/new\\\/wp-content\\\/uploads\\\/2026\\\/02\\\/yt3.jpg&quot;},{&quot;id&quot;:49,&quot;url&quot;:&quot;https:\\\/\\\/www.rakennuspalveluaalto.fi\\\/new\\\/wp-content\\\/uploads\\\/2025\\\/11\\\/20240628_115244-scaled.jpg&quot;},{&quot;id&quot;:32,&quot;url&quot;:&quot;https:\\\/\\\/www.rakennuspalveluaalto.fi\\\/new\\\/wp-content\\\/uploads\\\/2025\\\/11\\\/i9.jpg&quot;},{&quot;id&quot;:42,&quot;url&quot;:&quot;https:\\\/\\\/www.rakennuspalveluaalto.fi\\\/new\\\/wp-content\\\/uploads\\\/2025\\\/11\\\/i7.jpg&quot;},{&quot;id&quot;:48,&quot;url&quot;:&quot;https:\\\/\\\/www.rakennuspalveluaalto.fi\\\/new\\\/wp-content\\\/uploads\\\/2025\\\/11\\\/HOPEAHARJU-20250318-16.jpg&quot;},{&quot;id&quot;:50,&quot;url&quot;:&quot;https:\\\/\\\/www.rakennuspalveluaalto.fi\\\/new\\\/wp-content\\\/uploads\\\/2025\\\/11\\\/20240628_123538-scaled.jpg&quot;},{&quot;id&quot;:53,&quot;url&quot;:&quot;https:\\\/\\\/www.rakennuspalveluaalto.fi\\\/new\\\/wp-content\\\/uploads\\\/2025\\\/11\\\/487858863_1188179766435473_8472222159692652560_n.jpg&quot;},{&quot;id&quot;:54,&quot;url&quot;:&quot;https:\\\/\\\/www.rakennuspalveluaalto.fi\\\/new\\\/wp-content\\\/uploads\\\/2025\\\/11\\\/493676453_1208052784448171_7632018687897381438_n.jpg&quot;},{&quot;id&quot;:669,&quot;url&quot;:&quot;https:\\\/\\\/www.rakennuspalveluaalto.fi\\\/new\\\/wp-content\\\/uploads\\\/2026\\\/02\\\/jokit1.jpg&quot;},{&quot;id&quot;:594,&quot;url&quot;:&quot;https:\\\/\\\/www.rakennuspalveluaalto.fi\\\/new\\\/wp-content\\\/uploads\\\/2026\\\/02\\\/yt2.jpg&quot;}],&quot;background_slideshow_slide_duration&quot;:8000,&quot;background_slideshow_transition_duration&quot;:1000,&quot;background_slideshow_lazyload&quot;:&quot;yes&quot;,&quot;background_slideshow_ken_burns&quot;:&quot;yes&quot;,&quot;background_slideshow_loop&quot;:&quot;yes&quot;,&quot;background_slideshow_slide_transition&quot;:&quot;fade&quot;,&quot;background_slideshow_ken_burns_zoom_direction&quot;:&quot;in&quot;}\">\n\t\t\t\t\t<div class=\"e-con-inner\">\n\t\t\t\t<div class=\"elementor-element elementor-element-adca1cd elementor-widget elementor-widget-elementskit-heading\" data-id=\"adca1cd\" data-element_type=\"widget\" data-e-type=\"widget\" data-widget_type=\"elementskit-heading.default\">\n\t\t\t\t\t<div class=\"ekit-wid-con\" ><div class=\"ekit-heading elementskit-section-title-wraper text_left   ekit_heading_tablet-   ekit_heading_mobile-\"><h3 class=\"elementskit-section-subtitle  elementskit-style-border\">\n\t\t\t\t\t\tLUOTETTAVA RAKENTAMISEN AMMATTILAINEN SATAKUNNASSA\n\t\t\t\t\t<\/h3><h2 class=\"ekit-heading--title elementskit-section-title \">Rakennuspalvelu Aalto Oy<\/h2>\t\t\t\t<div class='ekit-heading__description'>\n\t\t\t\t\t<p>Tarjoamme <strong>monipuoliset rakennusalan palvelut<\/strong> \u2013 uudisrakennuksista ja laajennuksista aina korjausrakentamiseen sek\u00e4 vaativiin saneerauksiin Satakunnan alueella.<\/p>\n\t\t\t\t<\/div>\n\t\t\t<\/div><\/div>\t\t\t\t<\/div>\n\t\t\t\t<div class=\"elementor-element elementor-element-57e67ce elementor-align-left elementor-widget__width-auto elementor-widget elementor-widget-elementskit-button\" data-id=\"57e67ce\" data-element_type=\"widget\" data-e-type=\"widget\" data-widget_type=\"elementskit-button.default\">\n\t\t\t\t\t<div class=\"ekit-wid-con\" >\t\t<div class=\"ekit-btn-wraper\">\n\t\t\t\t\t\t\t<a href=\"#\" class=\"elementskit-btn  whitespace--normal\" id=\"\">\n\t\t\t\t\tOta yhteytt\u00e4\t\t\t\t<\/a>\n\t\t\t\t\t<\/div>\n        <\/div>\t\t\t\t<\/div>\n\t\t\t\t\t<\/div>\n\t\t\t\t<\/div>\n\t\t<div class=\"elementor-element elementor-element-3be7e3f e-flex e-con-boxed e-con e-parent\" data-id=\"3be7e3f\" data-element_type=\"container\" data-e-type=\"container\">\n\t\t\t\t\t<div class=\"e-con-inner\">\n\t\t\t\t<div class=\"elementor-element elementor-element-06b2795 elementor-widget elementor-widget-spacer\" data-id=\"06b2795\" data-element_type=\"widget\" data-e-type=\"widget\" data-widget_type=\"spacer.default\">\n\t\t\t\t\t\t\t<div class=\"elementor-spacer\">\n\t\t\t<div class=\"elementor-spacer-inner\"><\/div>\n\t\t<\/div>\n\t\t\t\t\t\t<\/div>\n\t\t\t\t<div class=\"elementor-element elementor-element-4fcf8ed elementor-widget elementor-widget-text-editor\" data-id=\"4fcf8ed\" data-element_type=\"widget\" data-e-type=\"widget\" data-widget_type=\"text-editor.default\">\n\t\t\t\t\t\t\t\t\t<h1 style=\"text-align: center;\"><strong>Ladattavat<\/strong> materiaalit<\/h1><p style=\"text-align: center; margin-top: -22px; font-size: 20px;\">T\u00e4lt\u00e4 sivulta l\u00f6yd\u00e4t yrityksemme korkearesoluutioiset logot eri k\u00e4ytt\u00f6tarkoituksiin. Logot on tarkoitettu ensisijaisesti yhteisty\u00f6kumppaneiden, median ja sidosryhmien k\u00e4ytt\u00f6\u00f6n.<\/p><p>Pyyd\u00e4mme varmistamaan k\u00e4ytt\u00f6luvan ennen logon julkaisemista, jotta k\u00e4ytt\u00f6 on linjassa br\u00e4ndimme ja ajankohtaisten ohjeiden kanssa.<\/p><p style=\"text-align: center;\">Valitse haluamasi logo ja lataa se k\u00e4ytt\u00f6\u00f6si. Logot ovat saatavilla yleisess\u00e4 JPG-muodossa.<\/p><p style=\"text-align: center;\">Yrityksemme graafiset ohjeet l\u00f6yd\u00e4t erillisest\u00e4 <span style=\"text-decoration: underline;\"><strong>ohjeistuksesta<\/strong><\/span>, jossa on m\u00e4\u00e4ritelty logon oikea k\u00e4ytt\u00f6, v\u00e4rit ja suoja-alueet.<\/p>\t\t\t\t\t\t\t\t<\/div>\n\t\t\t\t\t<\/div>\n\t\t\t\t<\/div>\n\t\t<div class=\"elementor-element elementor-element-6da37bb e-flex e-con-boxed e-con e-parent\" data-id=\"6da37bb\" data-element_type=\"container\" data-e-type=\"container\">\n\t\t\t\t\t<div class=\"e-con-inner\">\n\t\t<div class=\"elementor-element elementor-element-2713593 e-con-full e-flex e-con e-child\" data-id=\"2713593\" data-element_type=\"container\" data-e-type=\"container\">\n\t\t\t\t<div class=\"elementor-element elementor-element-17d0b0c elementor-widget elementor-widget-image\" data-id=\"17d0b0c\" data-element_type=\"widget\" data-e-type=\"widget\" data-widget_type=\"image.default\">\n\t\t\t\t\t\t\t\t\t\t\t\t\t\t\t\t<a href=\"https:\/\/www.rakennuspalveluaalto.fi\/web\/wp-content\/uploads\/2014\/08\/logo1.pdf\">\n\t\t\t\t\t\t\t<img decoding=\"async\" width=\"267\" height=\"165\" src=\"https:\/\/www.rakennuspalveluaalto.fi\/new\/wp-content\/uploads\/2026\/02\/logo1.jpg\" class=\"attachment-large size-large wp-image-1065\" alt=\"\" \/>\t\t\t\t\t\t\t\t<\/a>\n\t\t\t\t\t\t\t\t\t\t\t\t\t\t\t<\/div>\n\t\t\t\t<\/div>\n\t\t<div class=\"elementor-element elementor-element-9edc425 e-con-full e-flex e-con e-child\" data-id=\"9edc425\" data-element_type=\"container\" data-e-type=\"container\">\n\t\t\t\t<div class=\"elementor-element elementor-element-2c471fe elementor-widget elementor-widget-image\" data-id=\"2c471fe\" data-element_type=\"widget\" data-e-type=\"widget\" data-widget_type=\"image.default\">\n\t\t\t\t\t\t\t\t\t\t\t\t\t\t\t\t<a href=\"http:\/\/www.rakennuspalveluaalto.fi\/web\/wp-content\/uploads\/2014\/08\/logo3.pdf\">\n\t\t\t\t\t\t\t<img decoding=\"async\" width=\"267\" height=\"165\" src=\"https:\/\/www.rakennuspalveluaalto.fi\/new\/wp-content\/uploads\/2026\/02\/logo3.jpg\" class=\"attachment-large size-large wp-image-1064\" alt=\"\" \/>\t\t\t\t\t\t\t\t<\/a>\n\t\t\t\t\t\t\t\t\t\t\t\t\t\t\t<\/div>\n\t\t\t\t<\/div>\n\t\t<div class=\"elementor-element elementor-element-b326368 e-con-full e-flex e-con e-child\" data-id=\"b326368\" data-element_type=\"container\" data-e-type=\"container\">\n\t\t\t\t<div class=\"elementor-element elementor-element-ba5d3ca elementor-widget elementor-widget-image\" data-id=\"ba5d3ca\" data-element_type=\"widget\" data-e-type=\"widget\" data-widget_type=\"image.default\">\n\t\t\t\t\t\t\t\t\t\t\t\t\t\t\t\t<a href=\"https:\/\/www.rakennuspalveluaalto.fi\/web\/wp-content\/uploads\/2014\/08\/logo2.pdf\">\n\t\t\t\t\t\t\t<img decoding=\"async\" width=\"267\" height=\"165\" src=\"https:\/\/www.rakennuspalveluaalto.fi\/new\/wp-content\/uploads\/2026\/02\/logo2.jpg\" class=\"attachment-large size-large wp-image-1063\" alt=\"\" \/>\t\t\t\t\t\t\t\t<\/a>\n\t\t\t\t\t\t\t\t\t\t\t\t\t\t\t<\/div>\n\t\t\t\t<\/div>\n\t\t<div class=\"elementor-element elementor-element-bd8f374 e-con-full e-flex e-con e-child\" data-id=\"bd8f374\" data-element_type=\"container\" data-e-type=\"container\">\n\t\t\t\t<div class=\"elementor-element elementor-element-13ba7e4 elementor-widget elementor-widget-image\" data-id=\"13ba7e4\" data-element_type=\"widget\" data-e-type=\"widget\" data-widget_type=\"image.default\">\n\t\t\t\t\t\t\t\t\t\t\t\t\t\t\t\t<a href=\"\">\n\t\t\t\t\t\t\t<img loading=\"lazy\" decoding=\"async\" width=\"267\" height=\"165\" src=\"https:\/\/www.rakennuspalveluaalto.fi\/new\/wp-content\/uploads\/2026\/02\/logo4.jpg\" class=\"attachment-large size-large wp-image-1062\" alt=\"\" \/>\t\t\t\t\t\t\t\t<\/a>\n\t\t\t\t\t\t\t\t\t\t\t\t\t\t\t<\/div>\n\t\t\t\t<\/div>\n\t\t\t\t\t<\/div>\n\t\t\t\t<\/div>\n\t\t<div class=\"elementor-element elementor-element-9a26df9 e-flex e-con-boxed e-con e-parent\" data-id=\"9a26df9\" data-element_type=\"container\" data-e-type=\"container\">\n\t\t\t\t\t<div class=\"e-con-inner\">\n\t\t<div class=\"elementor-element elementor-element-f44ab2d e-con-full e-flex e-con e-child\" data-id=\"f44ab2d\" data-element_type=\"container\" data-e-type=\"container\">\n\t\t\t\t<\/div>\n\t\t\t\t\t<\/div>\n\t\t\t\t<\/div>\n\t\t\t\t<\/div>\n\t\t","protected":false},"excerpt":{"rendered":"<p>LUOTETTAVA RAKENTAMISEN AMMATTILAINEN SATAKUNNASSA Rakennuspalvelu Aalto Oy Tarjoamme monipuoliset rakennusalan palvelut \u2013 uudisrakennuksista ja laajennuksista aina korjausrakentamiseen sek\u00e4 vaativiin saneerauksiin Satakunnan alueella. Ota yhteytt\u00e4 Ladattavat materiaalit T\u00e4lt\u00e4 sivulta l\u00f6yd\u00e4t yrityksemme korkearesoluutioiset logot eri k\u00e4ytt\u00f6tarkoituksiin. Logot on tarkoitettu ensisijaisesti yhteisty\u00f6kumppaneiden, median ja sidosryhmien k\u00e4ytt\u00f6\u00f6n. Pyyd\u00e4mme varmistamaan k\u00e4ytt\u00f6luvan ennen logon julkaisemista, jotta k\u00e4ytt\u00f6 on linjassa br\u00e4ndimme ja [&hellip;]<\/p>\n","protected":false},"author":1,"featured_media":0,"parent":0,"menu_order":0,"comment_status":"closed","ping_status":"closed","template":"elementor_canvas","meta":{"footnotes":""},"class_list":["post-1057","page","type-page","status-publish","hentry"],"_links":{"self":[{"href":"https:\/\/www.rakennuspalveluaalto.fi\/new\/index.php\/wp-json\/wp\/v2\/pages\/1057","targetHints":{"allow":["GET"]}}],"collection":[{"href":"https:\/\/www.rakennuspalveluaalto.fi\/new\/index.php\/wp-json\/wp\/v2\/pages"}],"about":[{"href":"https:\/\/www.rakennuspalveluaalto.fi\/new\/index.php\/wp-json\/wp\/v2\/types\/page"}],"author":[{"embeddable":true,"href":"https:\/\/www.rakennuspalveluaalto.fi\/new\/index.php\/wp-json\/wp\/v2\/users\/1"}],"replies":[{"embeddable":true,"href":"https:\/\/www.rakennuspalveluaalto.fi\/new\/index.php\/wp-json\/wp\/v2\/comments?post=1057"}],"version-history":[{"count":0,"href":"https:\/\/www.rakennuspalveluaalto.fi\/new\/index.php\/wp-json\/wp\/v2\/pages\/1057\/revisions"}],"wp:attachment":[{"href":"https:\/\/www.rakennuspalveluaalto.fi\/new\/index.php\/wp-json\/wp\/v2\/media?parent=1057"}],"curies":[{"name":"wp","href":"https:\/\/api.w.org\/{rel}","templated":true}]}}